{"id":106,"date":"2024-08-25T21:40:28","date_gmt":"2024-08-26T01:40:28","guid":{"rendered":"https:\/\/fs.wp.odu.edu\/a1valenc\/?page_id=106"},"modified":"2024-08-27T01:29:05","modified_gmt":"2024-08-27T05:29:05","slug":"publications","status":"publish","type":"page","link":"https:\/\/fs.wp.odu.edu\/a1valenc\/publications\/","title":{"rendered":"Publications"},"content":{"rendered":"\n<h2 class=\"wp-block-heading\">Peer-reviewed Journal Articles<\/h2>\n\n\n\n<p>Valencia-Romero, A., &amp; Grogan, P. T. (2024). The strategy dynamics of collective systems: Underlying hindrances beyond two-actor coordination. <em>PLOS ONE<\/em>, <em>19<\/em>(4), e0301394. <a href=\"https:\/\/doi.org\/10.1371\/journal.pone.0301394\">https:\/\/doi.org\/10.1371\/journal.pone.0301394<\/a><\/p>\n\n\n\n<p>Stern, J. L., Valencia-Romero, A., &amp; Grogan, P. T. (2022). Strategic robustness in bi-level system-of-systems design. <em>Design Science<\/em>, <em>8<\/em>, e6. <a href=\"https:\/\/doi.org\/10.1017\/dsj.2022.2\">https:\/\/doi.org\/10.1017\/dsj.2022.2<\/a><\/p>\n\n\n\n<p>Valencia-Romero, A., &amp; Grogan, P. T. (2020). Structured to Succeed? Strategy Dynamics in Engineering Systems Design and Their Effect on Collective Performance. <em>Journal of Mechanical Design<\/em>, <em>142<\/em>(12). <a href=\"https:\/\/doi.org\/10.1115\/1.4048115\">https:\/\/doi.org\/10.1115\/1.4048115<\/a><\/p>\n\n\n\n<p>Grogan, P. T., &amp; Valencia-Romero, A. (2019). Strategic risk dominance in collective systems design. <em>Design Science<\/em>, <em>5<\/em>. <a href=\"https:\/\/doi.org\/10.1017\/dsj.2019.23\">https:\/\/doi.org\/10.1017\/dsj.2019.23<\/a><\/p>\n\n\n\n<p>Valencia-Romero, A., &amp; Lugo, J. E. (2017). An immersive virtual discrete choice experiment for elicitation of product aesthetics using Gestalt principles. <em>Design Science<\/em>, <em>3<\/em>. <a href=\"https:\/\/doi.org\/10.1017\/dsj.2017.12\">https:\/\/doi.org\/10.1017\/dsj.2017.12<\/a><\/p>\n\n\n\n<p>Valencia-Romero, A., &amp; Lugo, J. E. (2016). Part-Worth Utilities of Gestalt Principles for Product Esthetics: A Case Study of a Bottle Silhouette. <em>Journal of Mechanical Design<\/em>, <em>138<\/em>(8). <a href=\"https:\/\/doi.org\/10.1115\/1.4033664\">https:\/\/doi.org\/10.1115\/1.4033664<\/a><\/p>\n\n\n\n<p>Polo-Cano, H., Valencia-Romero, A., Rold\u00e1n-Mckinley, J., &amp; D\u00edaz-Gonz\u00e1lez, J. (2013). Evaluaci\u00f3n de la seguridad estructural de un sistema de seguimiento solar en colombia. <em>Visi\u00f3n Electr\u00f3nica<\/em>, <em>7<\/em>(2), 167\u2013174. <a href=\"https:\/\/doi.org\/10.14483\/22484728.5522\">https:\/\/doi.org\/10.14483\/22484728.5522<\/a><\/p>\n\n\n\n<p>Polo-Cano, H., Valencia-Romero, A., Rold\u00e1n-Mckinley, J., &amp; D\u00edaz-Gonz\u00e1lez, J. (2012). Una metodolog\u00eda para la evaluaci\u00f3n de la seguridad estructural de un sistema de seguimiento solar en Colombia. <em>Revista Educaci\u00f3n en Ingenier\u00eda<\/em>, <em>7<\/em>(14), 92\u2013103. <a href=\"https:\/\/doi.org\/10.26507\/rei.v7n14.260\">https:\/\/doi.org\/10.26507\/rei.v7n14.260<\/a><\/p>\n\n\n\n<h2 class=\"wp-block-heading\">Peer-reviewed Conference Papers<\/h2>\n\n\n\n<p>Valmyr, D., Valencia-Romero, A., &amp; McComb, C. (2024, August 28). <em>A Proposed Extension to the Functional Basis for AI\/ML-Enabled Cyber-physical Systems<\/em>. ASME 2024 International Design Engineering Technical Conferences and Computers and Information in Engineering Conference. <a href=\"https:\/\/doi.org\/10.1115\/DETC2024-143666\">https:\/\/doi.org\/10.1115\/DETC2024-143666<\/a><\/p>\n\n\n\n<p>Agyemang, M., Radwan, N., Hicks, S., Azhar, F., Valencia-Romero, A., &amp; McComb, C. (2022, November 11). <em>Deriving Recommendations for the Use of Agent-Based Models in Engineering Design<\/em>. ASME 2022 International Design Engineering Technical Conferences and Computers and Information in Engineering Conference. <a href=\"https:\/\/doi.org\/10.1115\/DETC2022-90961\">https:\/\/doi.org\/10.1115\/DETC2022-90961<\/a><\/p>\n\n\n\n<p>Av\u015far, A. Z., Valencia-Romero, A., &amp; Grogan, P. T. (2019). The Effects of Locus of Control and Big Five Personality Traits on Collaborative Engineering Design Tasks With Negotiation. <em>Volume 7: 31st International Conference on Design Theory and Methodology<\/em>, V007T06A031. <a href=\"https:\/\/doi.org\/10.1115\/DETC2019-97311\">https:\/\/doi.org\/10.1115\/DETC2019-97311<\/a><\/p>\n\n\n\n<p>Valencia-Romero, A., &amp; Grogan, P. T. (2018). Toward a Model-Based Experimental Approach to Assessing Collective Systems Design. <em>Volume 7: 30th International Conference on Design Theory and Methodology<\/em>, V007T06A027. <a href=\"https:\/\/doi.org\/10.1115\/DETC2018-85786\">https:\/\/doi.org\/10.1115\/DETC2018-85786<\/a><\/p>\n\n\n\n<p>Valencia-Romero, A., &amp; Lugo, J. E. (2016). Quantification of Symmetry, Parallelism, and Continuity as Continuous Design Variables for Three-Dimensional Product Representations. <em>Volume 7: 28th International Conference on Design Theory and Methodology<\/em>, V007T06A044. <a href=\"https:\/\/doi.org\/10.1115\/DETC2016-59707\">https:\/\/doi.org\/10.1115\/DETC2016-59707<\/a><\/p>\n\n\n\n<p><\/p>\n\n\n\n<p><\/p>\n\n\n\n<p><\/p>\n","protected":false},"excerpt":{"rendered":"<p>List of peer-reviewed journal articles and conference papers co-authored by Ambrosio Valencia-Romero.<\/p>\n","protected":false},"author":29278,"featured_media":174,"parent":0,"menu_order":0,"comment_status":"closed","ping_status":"closed","template":"","meta":{"footnotes":""},"_links":{"self":[{"href":"https:\/\/fs.wp.odu.edu\/a1valenc\/wp-json\/wp\/v2\/pages\/106"}],"collection":[{"href":"https:\/\/fs.wp.odu.edu\/a1valenc\/wp-json\/wp\/v2\/pages"}],"about":[{"href":"https:\/\/fs.wp.odu.edu\/a1valenc\/wp-json\/wp\/v2\/types\/page"}],"author":[{"embeddable":true,"href":"https:\/\/fs.wp.odu.edu\/a1valenc\/wp-json\/wp\/v2\/users\/29278"}],"replies":[{"embeddable":true,"href":"https:\/\/fs.wp.odu.edu\/a1valenc\/wp-json\/wp\/v2\/comments?post=106"}],"version-history":[{"count":4,"href":"https:\/\/fs.wp.odu.edu\/a1valenc\/wp-json\/wp\/v2\/pages\/106\/revisions"}],"predecessor-version":[{"id":170,"href":"https:\/\/fs.wp.odu.edu\/a1valenc\/wp-json\/wp\/v2\/pages\/106\/revisions\/170"}],"wp:featuredmedia":[{"embeddable":true,"href":"https:\/\/fs.wp.odu.edu\/a1valenc\/wp-json\/wp\/v2\/media\/174"}],"wp:attachment":[{"href":"https:\/\/fs.wp.odu.edu\/a1valenc\/wp-json\/wp\/v2\/media?parent=106"}],"curies":[{"name":"wp","href":"https:\/\/api.w.org\/{rel}","templated":true}]}}