{"id":86,"date":"2017-10-31T16:39:50","date_gmt":"2017-10-31T16:39:50","guid":{"rendered":"https:\/\/fs.wp.odu.edu\/dwittkow\/?page_id=86"},"modified":"2017-11-02T16:53:51","modified_gmt":"2017-11-02T16:53:51","slug":"mass-media-publications-and-appearances-2","status":"publish","type":"page","link":"https:\/\/fs.wp.odu.edu\/dwittkow\/public-philosophy\/mass-media-publications-and-appearances-2\/","title":{"rendered":"Mass-media publications and appearances"},"content":{"rendered":"<p><strong>Mass-media publications<\/strong>:<\/p>\n<p>Wittkower, D.E. \u201c<a href=\"http:\/\/www.csmonitor.com\/World\/Passcode\/Passcode-Voices\/2015\/0721\/Opinion-Ashley-Madison-hack-reveals-need-for-new-approach-to-guard-intimate-data\">Opinion: Ashley Madison hack reveals need for new approach to guard intimate data<\/a>,\u201d <em>Passcode<\/em>, <em>The Christian Science Monito<\/em>r, July 21, 2015.<\/p>\n<p>Wittkower, D.E. \u201c<a href=\"http:\/\/www.slate.com\/blogs\/future_tense\/2013\/11\/12\/ender_s_game_and_drone_operator_psychology.html\">What Ender&#8217;s Game Tells Us About Real Drone Pilots<\/a>,\u201d <em>Slate<\/em>, Nov. 12, 2013.<\/p>\n<p>Wittkower, D.E. &#8220;<a href=\"http:\/\/blogs.wsj.com\/speakeasy\/2013\/06\/17\/the-thin-line-between-whistleblowing-and-snitching\/\">Are You a Whistleblower or a Snitch<\/a>?&#8221;, <em>Speakeasy<\/em>, culture blog of <em>The Wall Street Journal<\/em>, June 17, 2013.<\/p>\n<p>Wittkower, D.E. &#8220;<a href=\"http:\/\/blogs.wsj.com\/speakeasy\/2013\/06\/08\/does-america-need-a-digital-bill-of-rights\/\">Does America Need a Digital Bill of Rights?<\/a>&#8220;, <em>Speakeasy<\/em>, culture blog of <em>The Wall Street Journal<\/em>, June 8, 2013.<\/p>\n<p>Wittkower, D.E. &#8220;<a href=\"http:\/\/blogs.wsj.com\/speakeasy\/2012\/08\/09\/the-new-total-recall-doesnt-know-dick\/\">The New \u2018Total Recall\u2019 Doesn\u2019t Know Dick<\/a>,&#8221; Speakeasy, culture blog of The Wall Street Journal, Aug 9, 2012.<\/p>\n<p>Wittkower, D.. &#8220;<a href=\"http:\/\/blogs.wsj.com\/speakeasy\/2012\/07\/28\/how-social-media-sucks-us-into-arguments-about-things-like-gun-control\/\">How Social Media Sucks Us Into Arguments About Things Like Gun Control<\/a>,&#8221; Speakeasy, culture blog of The Wall Street Journal, July 28, 2012.<\/p>\n<p>Wittkower, D.E. &#8220;<a href=\"http:\/\/www.slate.com\/articles\/technology\/future_tense\/2012\/07\/aurora_shooting_how_social_media_can_support_a_community_in_mourning_.html\">How Can Social Media Better Support a Community in Mourning?<\/a>,&#8221; Slate, July 27, 2012.<\/p>\n<p>Wittkower, D.E. \u201c<a href=\"http:\/\/blogs.wsj.com\/speakeasy\/2012\/05\/18\/will-the-facebook-ipo-ruin-facebook\/\">Will the Facebook IPO Ruin Facebook?<\/a>,\u201d Speakeasy, culture blog of The Wall Street Journal, May 18, 2012.<\/p>\n<p>Wittkower, D.E. \u201c<a href=\"http:\/\/blogs.wsj.com\/speakeasy\/2012\/02\/04\/should-facebook-care-what-the-public-likes\/\">Should Facebook Care What the Public Likes?<\/a>,\u201d Speakeasy, culture blog of The Wall Street Journal, February 4, 2012.<\/p>\n<p>Wittkower, D.E. \u201c<a href=\"http:\/\/blogs.wsj.com\/speakeasy\/2011\/11\/29\/will-occupy-wall-street-like-mark-zuckerbergs-potential-24-billion-ipo-haul\/\">Will Occupy Wall Street \u2018Like\u2019 Mark Zuckerberg\u2019s Potential $24 Billion IPO Haul?<\/a>,\u201d Speakeasy, culture blog of The Wall Street Journal, November 29, 2011.<\/p>\n<p>Wittkower, D.E. \u201c<a href=\"http:\/\/blogs.wsj.com\/speakeasy\/2011\/10\/05\/how-steve-jobs-ichanged-the-world\/\">How Steve Jobs iChanged the World<\/a>,\u201d Speakeasy, culture blog of The Wall Street Journal, October 5, 2011.<\/p>\n<p>Wittkower, D.E. &#8220;<a href=\"http:\/\/blogs.wsj.com\/speakeasy\/2011\/09\/22\/f8-facebook-haters-a-love-story\/\">F8: Facebook Haters, A Love Story<\/a>,&#8221; Speakeasy, culture blog of The Wall Street Journal, September 22, 2011.<\/p>\n<p>Wittkower, D.E. &#8220;<a href=\"http:\/\/blogs.wsj.com\/speakeasy\/2011\/09\/19\/wall-street-protests-will-the-revolution-be-tweeted\/\">Wall Street Protests: Will the Revolution Be Tweeted?<\/a>&#8221; Speakeasy, culture blog of The Wall Street Journal, September 19, 2011.<\/p>\n<p>Wittkower, D.E. \u201c<a href=\"http:\/\/blogs.wsj.com\/speakeasy\/2011\/08\/25\/steve-jobs-a-genius-for-the-ages-or-just-lucky\/\">Steve Jobs: Genius for the Ages? Or Just Born at the Right Time?<\/a>\u201d <em>Speakeasy<\/em>, culture blog of <em>The Wall Street Journal<\/em>, August 25, 2011.<\/p>\n<p>Wittkower, D.E. \u201c<a href=\"http:\/\/blogs.wsj.com\/speakeasy\/2011\/06\/07\/could-icloud-help-lead-to-a-post-piracy-age\/\">Could iCloud Help Lead to a Post-Piracy Age?<\/a>\u201d<em> Speakeasy<\/em>, culture blog of <em>The Wall Street Journal<\/em>, June 7, 2011.<\/p>\n<p>Wittkower, D.E. \u201c<a href=\"http:\/\/blogs.wsj.com\/speakeasy\/2011\/05\/20\/how-twitter-triggered-judgment-day\/\">How Facebook Fueled Judgment Day<\/a>,\u201d <em>Speakeasy<\/em>, culture blog of <em>The Wall Street Journal<\/em>, May 20, 2011.<\/p>\n<p>Wittkower, D.E. &#8220;<a href=\"http:\/\/blogs.wsj.com\/speakeasy\/2011\/05\/02\/how-twitter-and-facebook-helped-everyone-catch-bin-laden\/\">How Twitter and Facebook Helped Everyone Catch Bin Laden<\/a>,&#8221; <em>Speakeasy<\/em>, culture blog of <em>The Wall Street Journal<\/em>, May 2, 2011.<\/p>\n<p>Wittkower, D.E. \u201c<a href=\"http:\/\/blogs.wsj.com\/speakeasy\/2011\/03\/05\/how-the-adjustment-bureau-can-save-your-life\/\">Can \u2018The Adjustment Bureau\u2019 Save Your Life?<\/a>,\u201d <em>Speakeasy<\/em>, culture blog of <em>The Wall Street Journal<\/em>, March 5, 2011.<\/p>\n<p>Wittkower, D.E. \u201c<a href=\"http:\/\/blogs.wsj.com\/speakeasy\/2011\/03\/02\/essay-on-ipad\/\">What\u2019s the Pop Culture Secret of the iPad 2?<\/a>,\u201d <em>Speakeasy<\/em>, culture blog of <em>The Wall Street Journal<\/em>, March 2, 2011.<\/p>\n<p>Wittkower, D.E. \u201c<a href=\"http:\/\/blogs.wsj.com\/speakeasy\/2011\/01\/29\/what-egypts-web-shutdown-means\/\">What Egypt\u2019s Web Shutdown Means For Your Online Life<\/a>,\u201d <em>Speakeasy<\/em>, culture blog of <em>The Wall Street Journal<\/em>, Jan. 28, 2011.<\/p>\n<p>Wittkower, D.E. \u201c<a href=\"http:\/\/blogs.wsj.com\/speakeasy\/2010\/12\/30\/is-snooping-in-your-spouses-email-a-crime\/\">Is Snooping In Your Spouse\u2019s Email a Crime?<\/a>\u201d <em>Speakeasy<\/em>, culture blog of <em>The Wall Street Journal<\/em>, Dec. 30, 2010. <a href=\"http:\/\/blogs.wsj.com\/digits\/2010\/12\/30\/is-snooping-in-your-spouses-e-mail-a-crime\/\">Reprinted<\/a> in <em>Digits<\/em>, technology blog of <em>The Wall Street Journal.<\/em><\/p>\n<p>Wittkower, D.E. \u201cMan who networked our worlds: Time realises Facebook has refashioned the way we live,\u201d <em>The Australian<\/em>, Dec. 17, 2010. Print edition only.<\/p>\n<p>Wittkower, D.E. \u201c<a href=\"http:\/\/blogs.wsj.com\/speakeasy\/2010\/12\/15\/why-mark-zuckerberg-not-julian-assange-is-person-of-the-year\/\">Why Mark Zuckerberg, Not Julian Assange, is Person of the Year<\/a>.\u201d <em>Speakeasy<\/em>, culture blog of the <em>Wall Street Journal<\/em>, Dec. 15, 2010.<\/p>\n<p>Wittkower, D.E. \u201c<a href=\"http:\/\/blogs.wsj.com\/speakeasy\/2010\/11\/19\/facebook-messaging-why-text-and-email-arent-equal\/\">Facebook Messaging: Why Text and Email Aren\u2019t Equal<\/a>,\u201d<em> Speakeasy<\/em>, culture blog of the <em>Wall Street Journal<\/em>, Nov. 19, 2010.<\/p>\n<p>Wittkower, D.E. &#8220;<a href=\"http:\/\/blogs.wsj.com\/speakeasy\/2010\/10\/02\/the-social-network-how-facebook-sold-our-lives\/\">&#8216;The Social Network&#8217;: How Facebook Sold Our Lives.<\/a>&#8221; <em>Speakeasy<\/em>, culture blog of the <em>Wall Street Journal<\/em>, Oct. 2, 2010.<\/p>\n<p>Wittkower, D.E. &#8220;<a href=\"http:\/\/blogs.wsj.com\/speakeasy\/2010\/09\/01\/apple-announcement-why-ipods-are-swallowing-your-life\/\">Apple Announcement: Why iPods Are Devouring Your Life<\/a>.&#8221; <em>Speakeasy<\/em>, culture blog of the <em>Wall Street Journal<\/em>, Sept. 1, 2010.<\/p>\n<p><em>\u00a0<\/em><\/p>\n<p><strong>Mass-media appearances<\/strong>:<\/p>\n<p class=\"txt\">Quoted in &#8220;<a href=\"http:\/\/weekly.chosun.com\/client\/news\/viw.asp?nNewsNumb=002456100014&amp;ctcd=C02\">\ub79c\uc120\uc774\ubaa8, \ub79c\uc120\ub9d8, \ub79c\uc120\uc9d1\uc0ac\u2026: 1\uc778 \uac00\uad6c\uac00 \ubd80\ub978 \ub79c \uac00\uc871 \uc2dc\ub300<\/a>,&#8221; Kim Hyo-Jung,\u00a0<em>Chosun News<\/em>, May 8 2017.<\/p>\n<p>Interviewed\/filmed, quoted in Brandi Cummings, \u201c<a href=\"http:\/\/wavy.com\/2015\/09\/17\/chesapeake-school-board-responds-to-controversial-post-from-its-chairwoman\/\">Chesapeake school board responds to controversial post from its chairwoman<\/a>,\u201d <em>WAVY 10<\/em>, Sept. 17 2015.<\/p>\n<p>Contributed to \u201c<a href=\"http:\/\/dailynous.com\/2015\/08\/24\/philosophers-on-the-ashley-madison-hack\/\">Philosophers on the Ashley Madison hack<\/a>.\u201d <em>Daily Nous<\/em>, 24 Aug. 2015.<\/p>\n<p>Interviewed for, quoted in Caspari, Sarah. \u201c<a href=\"http:\/\/www.csmonitor.com\/USA\/USA-Update\/2015\/0720\/Ashley-Madison-hacked-A-case-of-digital-Robin-Hood-video\">Ashley Madison hacked: A case of digital Robin Hood?<\/a>\u201d <em>Christian Science Monitor<\/em>, 20 July 2015.<\/p>\n<p>Interviewed for, quoted in Dumitru, Daniel. \u201c<a href=\"http:\/\/kut.org\/post\/austinite-plans-citys-first-cat-caf\u00e9\">Austinite Plans City\u2019s First \u2018Cat Caf\u00e9\u2019<\/a>.\u201d KUT (NPR), 29 Jan. 2015.<\/p>\n<p>South Korean national news report on my preconference workshop for Annual Meeting of the Association of Internet Researchers, #IR15, \u201c<a href=\"https:\/\/www.youtube.com\/watch?v=BnEDduSL0P4\">\uc138\uacc4 \uc778\ud130\ub137 \uc804\ubb38\uac00 \ud55c\uc790\ub9ac\uc5d0<\/a>.\u201d MBC News, 21 Oct, 2014.<\/p>\n<p>Interviewed for Cihan News Agency, Kostereli, Ertu\u011frul. \u201c<a href=\"http:\/\/www.cihan.com.tr\/news\/Amerikali-profesor-Sosyal-aglar-kutuplastirici-olabilir_7104-CHMTU1NzEwNC80\">Amerikal\u0131 profes\u00f6r: Sosyal a\u011flar kutupla\u015ft\u0131r\u0131c\u0131 olabilir<\/a>.\u201d <em>Cihan<\/em>, 15 Oct, 2014.<\/p>\n<p>Interviewed for <a href=\"http:\/\/geeksguideshow.com\/2014\/03\/20\/ggg106-karl-schroeder\/\">Wired Magazine\u2019s <em>Geek\u2019s Guide to the Galaxy<\/em> podcast Episode 106<\/a>. Hour-long interview with host and volume contributor Ashley Shew (Science and Technology in Society, Virginia Tech) on topics from my edited volume, <em>Ender\u2019s Game and Philosophy<\/em> (Open Court, 2013).<\/p>\n<p>Interviewed for, quoted in \u201c<a href=\"http:\/\/hamptonroads.com\/2014\/02\/odu-aims-write-book-24-hours\">ODU aims to write a book in 24 hours<\/a>,\u201d Diane Tennant, <em>The Virginian-Pilot<\/em>, Feb. 12, 2014.<\/p>\n<p>Interviewed\/filmed for \u201c<a href=\"https:\/\/www.youtube.com\/watch?feature=player_embedded&amp;v=MS1NWyLe0QQ\">ODU Writes a Book<\/a>,\u201d Leanna Caplan\/ODU YouTube Channel.<\/p>\n<p>Interviewed for, quoted in Floyd, Pamula. \u201c<a href=\"http:\/\/www.maceandcrown.com\/2014\/02\/19\/odu-writes-a-book-2\/\">ODU Writes a Book<\/a>.\u201d <em>Mace &amp; Crown<\/em>, 2 Feb., 2014.<\/p>\n<p>Interviewed for, quoted in Compton, Lauren. \u201cStopping the cycle of cyberbullying.\u201d WAVY-TV. Broadcast and published online, 25 Nov. 2013.<\/p>\n<p>Interviewed for, quoted in Stanton, Joshua. \u201cThe Game of War.\u201d <em>Mace &amp; Crown<\/em>, 21 Nov. 2013.<\/p>\n<p>Quoted in Mullins, Michael. \u201c\u2018Ender&#8217;s Game&#8217;: Mixed Reviews, Fairly Good Ticket Sales.\u201d <em>Newsmax<\/em>, 12 Nov. 2013.<\/p>\n<p>Interviewed for, quoted in Kimberlin, Joanne. &#8220;<a href=\"https:\/\/pilotonline.com\/news\/military\/ender-s-game-theme-strikes-nerve-among-military\/article_d368d567-2db3-50fa-a840-6de79f61ea89.html\">\u2018Ender&#8217;s Game\u2019 theme strikes nerve among military<\/a>.\u201d <em>The Virginian-Pilot<\/em>, 12 Nov. 2013.<\/p>\n<p>Interviewed for, quoted in Eaton, Lorraine. &#8220;\u2018<a href=\"https:\/\/pilotonline.com\/life\/flavor\/why-bacon-why-now-odu-philosophy-prof-asks\/article_9b64d7cd-1dcd-5473-83c9-993c754347a3.html\">\u2019Why bacon? Why now?\u2019 ODU philosophy prof asks.<\/a>\u201d <em>The Virginian-Pilot<\/em>, 3 Oct. 2013.<\/p>\n<p>\u201c<a href=\"http:\/\/withgoodreasonradio.org\/episode\/friend-is-a-verb\/\">Friend is a Verb<\/a>,\u201d interview conducted with <em>With Good Reason<\/em> a program of the Virginia Foundation for the Humanites. Published online, 28 Sept. 2013. Broadcast by NPR affiliates in numerous states, date and time varied by location.<\/p>\n<p>Interviewed for, quoted in \u201cDo You Think Like a Philosopher,\u201d <em>Monarch Magazine<\/em>, Fall 2013.<\/p>\n<p>Interviewed for, quoted in \u201cPhilosophy Prof\u2019s Ukulele Rendition of \u2018Hallelujah\u2019 to Crying Daughter an Internet Hit.\u201d <em>News@ODU<\/em>, Aug. 2013.<\/p>\n<p>Interviewed for, quoted in \u201cBook by ODU\u2019s Wittkower Encourages Readers to Apply Philosophical Framework to Everyday Questions.\u201d <em>News@ODU<\/em>, May 2013.<\/p>\n<p>Interviewed for, quoted in Kimberlin, Joanne. \u201cCoast Guard, PETA continue to spar over &#8220;goat camp&#8221;,\u201d <em>The Virginian-Pilot<\/em>, 13 May, 2013.<\/p>\n<p>Interviewed for, quoted in Raper, Jim. \u201cPhilosopher of Technology Dylan Wittkower,\u201d <em>Monarch Magazine<\/em>, Winter 2013. Featured story, cover story.<\/p>\n<p>Interviewed for, quoted in Gruss, Mike. \u201cEase the Pain of Going Online Before Election Day.\u201d<em> The Virginian-Pilot<\/em>, 22 Aug. 2012.<\/p>\n<p>Interviewed for, quoted in \u201cPhilosopher Wittkower Probes Facebook and Other Social Media.\u201d <em>News@ODU<\/em>, Aug. 2012.<\/p>\n<p>Live on-air appearance, <em>Hearsay with Cathy Lewis<\/em>, WHRO, 7 Aug. 2012.<\/p>\n<p>Interviewed for, quoted in Edge, Lisa. \u201cFacebook users not a fan of changes.\u201d WPDE NewsChannel 15, Sept. 2011. Local television broadcast, also published online.<\/p>\n<p>Interviewed for, quoted in Kelly, Lewis. \u201cThe Surprising History Behind Social Networking: An intellectual genealogy from the primordial ooze to Jeff Weiner.\u201d <em>unlimited magazine<\/em>, 17 Oct. 2011.<\/p>\n<p>Interviewed for, quoted in Bailey, Isaac, \u201cProfessor analyzes Facebook,\u201d <em>The Sun News<\/em>, Jan. 21, 2011.<\/p>\n<p>Interviewed on <em>Cyberfrequencies<\/em> (KPCC\u2013Southern California Public Radio), WMBF (NBC\u2013Myrtle Beach), WPDE (ABC\u2013Myrtle Beach), and <em>The Good Men Project<\/em>.<\/p>\n<p>&nbsp;<\/p>\n<p><a href=\"https:\/\/fs.wp.odu.edu\/dwittkow\/public-philosophy\/\">back<\/a><\/p>\n","protected":false},"excerpt":{"rendered":"<p>Mass-media publications: Wittkower, D.E. \u201cOpinion: Ashley Madison hack reveals need for new approach to guard intimate data,\u201d Passcode, The Christian Science Monitor, July 21, 2015. Wittkower, D.E. \u201cWhat Ender&#8217;s Game Tells Us About Real Drone Pilots,\u201d Slate, Nov. 12, 2013. Wittkower, D.E. &#8220;Are You a Whistleblower or a Snitch?&#8221;, Speakeasy, culture blog of The Wall&#8230; <\/p>\n<div class=\"link-more\"><a href=\"https:\/\/fs.wp.odu.edu\/dwittkow\/public-philosophy\/mass-media-publications-and-appearances-2\/\">Read More<\/a><\/div>\n","protected":false},"author":7594,"featured_media":0,"parent":34,"menu_order":4,"comment_status":"closed","ping_status":"closed","template":"","meta":{"footnotes":""},"_links":{"self":[{"href":"https:\/\/fs.wp.odu.edu\/dwittkow\/wp-json\/wp\/v2\/pages\/86"}],"collection":[{"href":"https:\/\/fs.wp.odu.edu\/dwittkow\/wp-json\/wp\/v2\/pages"}],"about":[{"href":"https:\/\/fs.wp.odu.edu\/dwittkow\/wp-json\/wp\/v2\/types\/page"}],"author":[{"embeddable":true,"href":"https:\/\/fs.wp.odu.edu\/dwittkow\/wp-json\/wp\/v2\/users\/7594"}],"replies":[{"embeddable":true,"href":"https:\/\/fs.wp.odu.edu\/dwittkow\/wp-json\/wp\/v2\/comments?post=86"}],"version-history":[{"count":3,"href":"https:\/\/fs.wp.odu.edu\/dwittkow\/wp-json\/wp\/v2\/pages\/86\/revisions"}],"predecessor-version":[{"id":147,"href":"https:\/\/fs.wp.odu.edu\/dwittkow\/wp-json\/wp\/v2\/pages\/86\/revisions\/147"}],"up":[{"embeddable":true,"href":"https:\/\/fs.wp.odu.edu\/dwittkow\/wp-json\/wp\/v2\/pages\/34"}],"wp:attachment":[{"href":"https:\/\/fs.wp.odu.edu\/dwittkow\/wp-json\/wp\/v2\/media?parent=86"}],"curies":[{"name":"wp","href":"https:\/\/api.w.org\/{rel}","templated":true}]}}