{"id":8,"date":"2017-11-12T18:24:58","date_gmt":"2017-11-12T18:24:58","guid":{"rendered":"https:\/\/fs.wp.odu.edu\/flubich\/?page_id=8"},"modified":"2017-11-12T18:57:35","modified_gmt":"2017-11-12T18:57:35","slug":"curriculum-vitae","status":"publish","type":"page","link":"https:\/\/fs.wp.odu.edu\/flubich\/","title":{"rendered":"Curriculum Vitae"},"content":{"rendered":"<p style=\"text-align: right\">up-dated: 11 &#8211; 2017<\/p>\n<h2 style=\"text-align: center\"><strong>\u00a0<\/strong><a href=\"mailto:flubich@odu.edu\"><strong>Frederick Alfred Lubich<\/strong><\/a><\/h2>\n<p><strong>Education: <\/strong>Hohenstaufen-Gymnasium, G\u00f6ppingen, Germany\u00a0 (<em>Abitur <\/em>1970), University of Stuttgart, Germany (1970-72), University of Newcastle, Great Britain (1972-73), University of Heidelberg, Germany (<em>Staatsexamen <\/em>in Germanistik\/Anglistik, 1977), Cornell University, United States (MA in American Studies, 1978), University of California, Santa Barbara (Ph.D. in German, 1983).<\/p>\n<p><strong>Employment (1978 \u2013 present): <\/strong>University of California, Santa Barbara, (1978-1982), Brown University (1983-84), University of Rhode Island (spring 1984), Columbia University (1984-1992), Haverford &amp; Bryn Mawr Colleges (1992-93), Rutgers University (1993-97), Old Dominion University (1997 &#8211; present, Full Professor).<\/p>\n<p><strong>Authored Books (3):<\/strong><\/p>\n<p><em>Wendewelten: Paradigmenwechsel in der deutschen Literatur- und<\/em> <em>Kulturgeschichte nach 1945.<\/em> W\u00fcrzburg: K\u00f6nigshausen &amp; Neumann, 2002, 206 pp.<\/p>\n<p><em>Max Frischs \u2018Stiller\u2018, \u2018Homo faber\u2018 und \u2018Mein Name sei<\/em> <em>Gantenbein\u2018<\/em> &#8211; <em>Modellanalysen zur deutschen Literatur.<\/em> Munich:\u00a0 Fink-UTB, 1990, reprints 1992, 1996, 151pp. For recent reprints, see below*<\/p>\n<p><em>Die Dialektik von Logos und Eros im Werk von Thomas Mann.<\/em> Heidelberg: Carl Winter (Reihe Siegen, 63), 1986, 331pp.<\/p>\n<p>* Several passages have been reprinted in <em>Lekt\u00fcrehilfe. <\/em><em>Max Frisch. Homo Faber<\/em>. Pons, GmbH, 2017 and as required reading for the annual Abitur by the Ministry of Culture of the Federal State of Baden-W\u00fcrttemberg, Germany.<\/p>\n<p><strong>Edited Books (4):<\/strong><\/p>\n<p><em>Transatlantische Auswanderergeschichten. Reflexionen und Reminiszenzen aus drei<\/em> G<em>enerationen.<\/em> Festschrift in honor of the German-Jewish-Argentinian author Robert Schopflocher W\u00fcrzburg: K\u00f6nigshausen &amp; Neumann, 2014, over seventy contributions, 675 pp.<\/p>\n<p><em>Mother Tongue, Lengua Materna, Muttersprache: From National Breaks to International<\/em> <em>Bridges<\/em>, (special issue of <em>Trans-Lit2<\/em>, 2011), 210 pp.<\/p>\n<p><em>The Marketing of Eros: Performance, Sexuality and Consumer Culture. C<\/em>o-edited with Peter Schulman (Essen: Die Blaue Eule, 2003), 177 pp.<\/p>\n<p><em>Thomas Mann &#8211; Death in Venice, Tonio Kr\u00f6ger, and Other Writings. <\/em>Preface by Harold Bloom (New York: Continuum, The German Library, vol. 63, 1999), 319 pp.<\/p>\n<p><strong>Articles in Scholarly Journals, Book Chapters, Encyclopedia Entries etc (ca. 90):<\/strong><\/p>\n<p>Studies of German and European literature and culture of the 19th and 20th century, including Bonaventura, Peacock, Pushkin, Flaubert, Eichendorff, Hofmannsthal, Hermann Hesse, Thomas Mann, G\u00fcnter Grass, Max Frisch, Friedrich D\u00fcrrenmatt, Otto F. Walter, Bernward Vesper, Elisabeth Alexander, Ingeborg Bachmann, Anja Lundholm, Rafael Seligmann, Ruth Kl\u00fcger, Marcel Reich-Ranicki, Charlotte Roche, Wolf Biermann, Bob Dylan, David Bowie et al. Topics include the cultural politics of the Weimar Republic, psychology of fascism, the traumas of Holocaust survivors, German-Jewish relations after the Shoah, film, ethnic music, matriarchal mythography &amp; (post-) modernity etc. in <em>German<\/em> <em>Quarterly, The Germanic Review, German Studies Review, Monatshefte, Colloquia Germanica,<\/em> <em>Seminar, Comparative Literature Studies, Glossen<\/em> (online), <em>Modern Judaism<\/em>, <em>Dialectical Anthropology<\/em>, <em>Trans-Lit2<\/em>, <em>Listenmedia <\/em>(online), <em>Euphorion, Deutsche<\/em> <em>Vierteljahrsschrift<\/em><em>,<\/em> Rodopi, B\u00f6schen, Kr\u00f6ner, Metzler, K\u00f6nigshausen &amp; Neumann, Kol Katan, Fitzroy Dearborn, Camden House, Columbia University Press, Wayne State University Press, Cambridge University Press.<\/p>\n<p><strong>Book Reviews, Interviews, and Journalistic Essays (ca. 200):<\/strong><\/p>\n<p>Publications in scholarly journals and electronic media as well as regional, national and international newspapers incl. <em>Virginian Pilot<\/em>, <em>Nordamerikanische Wochenpost, New Yorker Staats-Zeitung, <\/em> <em>Argentinisches Tageblatt<\/em>, <em>Neue W\u00fcrttembergische<\/em> <em>Zeitung<\/em>,<em> Sudetendeutsche Zeitung, Augsburger Allgemeine, Frankfurter Rundschau<\/em>, and <em>Frankfurter Allgemeine Zeitung<\/em> and others.<\/p>\n<p><strong>Creative Publications<\/strong> <strong>(over 100):<\/strong><\/p>\n<p>Publications include prose, poetry, photography, visual collages etc. in literary magazines, anthologies, newspapers, LP, CD\u2019s etc. in Germany, Austria, Switzerland, England, the United States and Argentina.<\/p>\n<p><strong>Presentations: <\/strong>Circa 300 presentations, including conference papers and invited lectures in over thirty countries in Europe, Northern Africa, Asia and the Americas. Venues for guest lectures range from churches, synagogues, literary caf\u00e9s and museums to embassies, universities, and Goethe Institutes.<\/p>\n<p><strong>Performing Arts: <\/strong>Work includes language consultant for theater and film documentaries, voice-over and supporting roles as well as translation of film scripts for German-American co-productions, including Yoko Ono\u2019s rock musical <em>New<\/em> <em>York Opera<\/em> for its premiere in Germany.<\/p>\n<p><strong>Radio and Television Appearances:<\/strong> \u00a0United States, Germany, Finland, Morocco and Egypt<\/p>\n<p><strong>Offices<\/strong>: Acting Director of the Institute for Jewish Studies and Interfaith Understanding at Old Dominion University (spring 2017), Director of the German Program at ODU (2012 &#8211; present), Chair of the Department of Foreign Languages and Literatures at ODU (1997-2008, administrative responsibilities for ca. 50 faculty members in Arabic, Chinese, Farsi, French, German, Hebrew, Italian, Japanese, Latin, Portuguese, Russian, and Spanish), Chair of the German Department at Rutgers University (1995-97) and Graduate Director of its Doctoral Program (1994-97), and Interim Chair of the German Department at Haverford\/Bryn Mawr (1992-93).<\/p>\n<p><strong>Service to the Scholarly and Literary Communities at Large: <\/strong>Member of the international Ovid-Prize-Jury of PEN-Center of German-Speaking Writers Abroad (2016 &#8211; present), regular contributor to PEN-Center of German Authors as well as its subdivision of \u201cWriters in Prison\u201d (2013- present), managing editor of the German-American online journal <em>Glossen<\/em>, <em>German Literature and Culture After 1945<\/em> (2015 &#8211; present), \u00a0president and vice president of the Society of Contemporary American Literature in German (2007 &#8211; 2012), member of the editorial board of <em>German Studies Review<\/em> (2005 &#8211; 2012), book review editor of <em>The Germanic Review<\/em> (1989 &#8211; 96), evaluator of articles and book manuscripts for scholarly publications and external reviewer for circa twenty promotion cases.<\/p>\n<p><strong>Academic Awards and Honors: <\/strong>Recent awards include \u201cMost Inspirational Faculty Award\u201d (2014), a Festschrift (2012), the \u201cShining Star Award\u201d (ODU, 2010), \u201cThe Charles O. and Elizabeth C. Burgess Faculty Research and Creativity Award\u201d, (ODU, 2005), grants from the Tidewater Jewish Foundation (2002, 2009) and the German Academic Exchange Service (2009).<\/p>\n<p><strong>Print Media:<\/strong> quoted, featured or interviewed in regional, national and international newspapers, including <em>\u00a0Southeastern Virginia Jewish News, <\/em><em>Atlantic Times,<\/em> <em>Argentinisches Tageblatt, <\/em><em>La Stampa<\/em>, <em>St. Galler Tagblatt, Tessiner Nachrichten, L\u00fcbecker Nachrichten, Die Rheinpfalz, Ludwigshafener Rundschau, Rhein-Neckar-Zeitung, Heidelberger Tageblatt, Neue W\u00fcrttembergische Zeitung, Frankfurter Allgemeine Zeitung, Hamburger Abendblatt <\/em>and <em>Der Spiegel.<\/em><\/p>\n<p>For a complete and detailed <em>curriculum vitae<\/em> download <a href=\"http:\/\/fs.wp.odu.edu\/flubich\/wp-content\/uploads\/sites\/6252\/2017\/11\/cv-Frederick-A.-Lubich-2017.pdf\">this file<\/a>.<\/p>\n","protected":false},"excerpt":{"rendered":"<p>up-dated: 11 &#8211; 2017 \u00a0Frederick Alfred Lubich Education: Hohenstaufen-Gymnasium, G\u00f6ppingen, Germany\u00a0 (Abitur 1970), University of Stuttgart, Germany (1970-72), University of Newcastle, Great Britain (1972-73), University of Heidelberg, Germany (Staatsexamen in Germanistik\/Anglistik, 1977), Cornell University, United States (MA in American Studies,&#8230; <a class=\"more-link\" href=\"https:\/\/fs.wp.odu.edu\/flubich\/\">Continue Reading &rarr;<\/a><\/p>\n","protected":false},"author":8574,"featured_media":0,"parent":0,"menu_order":0,"comment_status":"closed","ping_status":"closed","template":"","meta":{"footnotes":""},"_links":{"self":[{"href":"https:\/\/fs.wp.odu.edu\/flubich\/wp-json\/wp\/v2\/pages\/8"}],"collection":[{"href":"https:\/\/fs.wp.odu.edu\/flubich\/wp-json\/wp\/v2\/pages"}],"about":[{"href":"https:\/\/fs.wp.odu.edu\/flubich\/wp-json\/wp\/v2\/types\/page"}],"author":[{"embeddable":true,"href":"https:\/\/fs.wp.odu.edu\/flubich\/wp-json\/wp\/v2\/users\/8574"}],"replies":[{"embeddable":true,"href":"https:\/\/fs.wp.odu.edu\/flubich\/wp-json\/wp\/v2\/comments?post=8"}],"version-history":[{"count":3,"href":"https:\/\/fs.wp.odu.edu\/flubich\/wp-json\/wp\/v2\/pages\/8\/revisions"}],"predecessor-version":[{"id":14,"href":"https:\/\/fs.wp.odu.edu\/flubich\/wp-json\/wp\/v2\/pages\/8\/revisions\/14"}],"wp:attachment":[{"href":"https:\/\/fs.wp.odu.edu\/flubich\/wp-json\/wp\/v2\/media?parent=8"}],"curies":[{"name":"wp","href":"https:\/\/api.w.org\/{rel}","templated":true}]}}