{"id":26,"date":"2015-12-16T19:24:35","date_gmt":"2015-12-16T19:24:35","guid":{"rendered":"https:\/\/fs.wp.odu.edu\/jhall\/?page_id=26"},"modified":"2022-12-01T08:22:57","modified_gmt":"2022-12-01T13:22:57","slug":"publications","status":"publish","type":"page","link":"https:\/\/fs.wp.odu.edu\/jhall\/sample-page\/publications\/","title":{"rendered":"Publications"},"content":{"rendered":"<div class=\"wp-block-image is-style-default\">\n<figure class=\"aligncenter size-medium is-resized\"><img loading=\"lazy\" decoding=\"async\" src=\"https:\/\/fs.wp.odu.edu\/jhall\/wp-content\/uploads\/sites\/956\/2021\/01\/Brahms-cover-232x300.jpg\" alt=\"Brahms Liebeslieder Waltzes for brass ensemble and piano\" class=\"wp-image-1200\" width=\"435\" height=\"563\" srcset=\"https:\/\/fs.wp.odu.edu\/jhall\/wp-content\/uploads\/sites\/956\/2021\/01\/Brahms-cover-232x300.jpg 232w, https:\/\/fs.wp.odu.edu\/jhall\/wp-content\/uploads\/sites\/956\/2021\/01\/Brahms-cover.jpg 371w\" sizes=\"(max-width: 435px) 100vw, 435px\" \/><\/figure><\/div>\n\n\n<p>Released 2017.<br><em><a href=\"https:\/\/cherryclassics.com\/collections\/large-ensembles\/products\/brahms-liebeslieder-waltzes-for-large-brass-ensemble-and-piano-four-hands\" target=\"_blank\" rel=\"noreferrer noopener sponsored\"><strong>Liebeslieder Waltzes Op.52<\/strong>,<\/a><\/em> a collection of eighteen, short love songs originally for SATB chorus&nbsp;and 4-hands piano.  This arrangement comprises 30 minutes of music for 12-part brass ensemble and piano. Instrumentation: 4 Trumpets in B-flat, 3 Horns, 4 Trombones, Tuba and Piano 4 hands.<\/p>\n\n\n<div class=\"wp-block-image\">\n<figure class=\"aligncenter size-medium is-resized\"><a href=\"https:\/\/cherryclassics.com\/products\/bach-school-for-trombone-inventions-and-sinfonias-bwv-772-801?mc_cid=8a28987785&amp;mc_eid=%5BUNIQID%5D\" target=\"_blank\" rel=\"noreferrer noopener\"><img loading=\"lazy\" decoding=\"async\" src=\"https:\/\/fs.wp.odu.edu\/jhall\/wp-content\/uploads\/sites\/956\/2019\/06\/Bach-School-cover-232x300.jpg\" alt=\"J.S. Bach School for Trombone\" class=\"wp-image-1096\" width=\"391\" height=\"506\" srcset=\"https:\/\/fs.wp.odu.edu\/jhall\/wp-content\/uploads\/sites\/956\/2019\/06\/Bach-School-cover-232x300.jpg 232w, https:\/\/fs.wp.odu.edu\/jhall\/wp-content\/uploads\/sites\/956\/2019\/06\/Bach-School-cover-768x994.jpg 768w, https:\/\/fs.wp.odu.edu\/jhall\/wp-content\/uploads\/sites\/956\/2019\/06\/Bach-School-cover.jpg 791w, https:\/\/fs.wp.odu.edu\/jhall\/wp-content\/uploads\/sites\/956\/2019\/06\/Bach-School-cover-600x777.jpg 600w\" sizes=\"(max-width: 391px) 100vw, 391px\" \/><\/a><\/figure><\/div>\n\n\n<p>Released 2019.<br><strong>J.S. Bach.<\/strong><a href=\"https:\/\/cherryclassics.com\/products\/bach-school-for-trombone-inventions-and-sinfonias-bwv-772-801?mc_cid=8a28987785&amp;mc_eid=%5BUNIQID%5D\"> <\/a><em><a href=\"https:\/\/cherryclassics.com\/products\/bach-school-for-trombone-inventions-and-sinfonias-bwv-772-801?mc_cid=8a28987785&amp;mc_eid=%5BUNIQID%5D\">J.S. Bach School for Trombone<\/a> <\/em>15 two-part Inventions and 15 three-part Sinfonias BWV 772-801 edited, arranged and recorded by Mike Hall. Vancouver, BC, Canada: Cherry Classics Music. 2019. <br> \u2022 71 pages of the complete Two-part Inventions and Three-part Inventions in score format. <br> \u2022 Introduction and commentary on each piece including detailed instruction on how to best perform baroque ornaments on each instrument. <br>\u2022 150 tracks (in high quality lossless WAV format) including complete performance of each piece on alto, tenor and bass trombone and every possible combination of individual voices to allow &#8220;Play-along&#8221; practice. Each of these tracks includes a metronome click to aid practice.  <\/p>\n\n\n<p align=\"center\"><a href=\"https:\/\/cherryclassics.com\/collections\/solos\/products\/galliard-six-sonatas-for-trombone-keyboard-continuo\" target=\"_blank\" rel=\"noopener noreferrer\"><img loading=\"lazy\" decoding=\"async\" id=\"10217954250\" class=\"aligncenter\" title=\"Galliard - Six Sonatas for Trombone &amp; Keyboard or Continuo\" src=\"https:\/\/cdn.shopify.com\/s\/files\/1\/0810\/6745\/products\/CC2928_1024x1024.jpg?v=1488378101\" alt=\"Galliard - Six Sonatas for Trombone &amp; Keyboard or Continuo\" width=\"401\" height=\"518\" \/><\/a><\/p>\n<p>Released 2016.<br \/>Johann Ernst Galliard. <a href=\"https:\/\/cherryclassics.com\/products\/galliard-six-sonatas-for-trombone-keyboard-continuo\"><em>Six <\/em><em>Sonatas edited for Trombone &amp; Keyboard\/Continuo.<\/em><\/a> Performance edition by Mike Hall and keyboard realization by Thomas Marshall.<\/p>\n<p>A booklet is included that gives extensive solutions and suggestions for embellishing in the galant style\u00a0as demonstrated on our recording. It features an incredibly powerful 18th century tool for improvising passage work taken <em>Michael <a title=\"Wiedeburg\" href=\"https:\/\/fs.wp.odu.edu\/jhall\/tag\/wiedeburg\/\">Wiedeburg<\/a>\u2019s Pedagogy of Modular <a title=\"Diminutions\" href=\"https:\/\/fs.wp.odu.edu\/jhall\/tag\/diminutions\/\">Diminutions. <\/a><\/em>Background on Galliard and performance practice of the period is also included.<\/p>\n<p><a href=\"https:\/\/cherryclassics.com\/products\/2250\" target=\"_blank\" rel=\"noopener noreferrer\"><img loading=\"lazy\" decoding=\"async\" class=\"aligncenter\" src=\"https:\/\/cdn.shopify.com\/s\/files\/1\/0810\/6745\/products\/CC2250_large.jpg?v=1525472563\" width=\"400\" height=\"518\" \/><\/a><\/p>\n<p>Released 2008.<br \/>Benedetto Marcello. <a href=\"https:\/\/cherryclassics.com\/products\/2250\"><em>Sonatas 1-3 for Trombone &amp; Keyboard\/Continuo.<\/em><\/a> Critical edition by Mike Hall. Keyboard realization by Rebecca Bell and Mike Hall.<\/p>\n<p><a href=\"https:\/\/cherryclassics.com\/products\/2306\"><img loading=\"lazy\" decoding=\"async\" class=\"aligncenter\" src=\"https:\/\/cdn.shopify.com\/s\/files\/1\/0810\/6745\/products\/CC2306_large.jpg?v=1525472537\" width=\"400\" height=\"518\" \/><\/a><\/p>\n<p style=\"text-align: left\">Released 2009.<br \/>Benedetto Marcello. <a href=\"https:\/\/cherryclassics.com\/products\/2306\"><em>Sonatas\u00a04-6\u00a0for Trombone &amp; Keyboard\/Continuo.<\/em><\/a> Critical edition and keyboard realization by Mike Hall.<\/p>\n<p>A booklet is included in both editions that give extensive solutions and suggestions for embellishing in the Italian style\u00a0as demonstrated on our recording. Background on Marcello and performance practice of the period is also included.<\/p>\n<hr \/>\n<p>Compact disc review published in the Online Trombone Journal:<\/p>\n<ul>\n<li><a href=\"https:\/\/www.trombone.org\/reviews\/view.php?id=280\" target=\"_blank\" rel=\"noopener noreferrer\"><em>An Evening from the 18th Century: A Review<\/em><\/a><\/li>\n<\/ul>\n<hr \/>\n<p>Mike Hall served as Literature Reviews Editor for the International Trombone Association Journal, 1998-2022. His column appears in each quarterly issue beginning with volume 26 number 3, (Summer 1998). Read reviews he has authored online: <a href=\"https:\/\/www.trombone.net\/review-advanced-search\/\" target=\"_blank\" rel=\"noopener noreferrer\">https:\/\/www.trombone.net\/review-advanced-search\/<\/a><br \/>January 31, 2019<br \/><em>Holberg Suite<\/em> by Edward Grieg, transcribed for 10-part brass ensemble (two brass quintets) by James Haynor.<\/p>\n<p>or in the following ITAJ issues:<\/p>\n<p>Volume 47 no.2 (Spring 2019)<\/p>\n<ul>\n<li><em>24 Low Legato Studies: &#8220;The Money Register&#8221;<\/em> by William H. &#8220;Bill&#8221; Hill, edited by Charles Vernon.<\/li>\n<\/ul>\n<p>ITAJ Volume 45 no.3 (Summer 2017)<\/p>\n<ul>\n<li><i>Compatible Trios for Winds: 32 Trios that Can Be Played by Any Combination of Wind Instruments <\/i>by composer\/arranger, Larry Clark.<\/li>\n<li><i>Tower Sonata No.3<\/i> by Gottfried Reiche, transcribed and edited for four trombones by the English Trombone Consort.<\/li>\n<\/ul>\n<p>ITAJ Volume 44 no.1 (Winter 2016)<\/p>\n<ul>\n<li><i>Five Easy Trios<\/i> by Felix Mendelssohn, arranged for three trombones by Robin Benton.<\/li>\n<li><i>The Caisson Song<\/i> arranged for three trombones by Al Hager.<\/li>\n<li><i>Eight Easy Carols<\/i> arranged for four trombones by Robin Benton.<\/li>\n<\/ul>\n<p>ITAJ Volume 43 no.4 (Fall 2015)<\/p>\n<ul>\n<li><i>Isle of Mann<\/i> for eight trombones by Kenyon Wilson.<\/li>\n<li><i>Bordogni Suite<\/i> by Marco Bordogni, arranged for three trombones and tuba by Andrew Heading.<\/li>\n<li><i>Prelude to Te Deum<\/i> by Marc-Antoine Charpentier, arranged for brass choir by Michael Stewart.<\/li>\n<\/ul>\n<p>ITAJ Volume 41 no.2 (Winter 2013)<\/p>\n<ul>\n<li><em>Dance Suite<\/em> by Robin Benton.<\/li>\n<\/ul>\n<p>ITAJ Volume 41 no.1 (Winter 2013)<\/p>\n<ul>\n<li><em>Variations on Simple Gifts<\/em> by Michael Stewart.<\/li>\n<\/ul>\n<p>ITAJ Volume 40 no. 4 (Fall 2012)<\/p>\n<ul>\n<li><em>Rigaudon from Idom\u00e9en\u00e9e-1712<\/em> by Andr\u00e9 Campra, arranged by William D. Pardus. 64<\/li>\n<li><em>Concert Fanfare<\/em> Opus 473 by David Uber. 64<\/li>\n<\/ul>\n<p>ITAJ Volume 40 no.2 (Spring 2012)<\/p>\n<ul>\n<li><em>A History of the Trombone<\/em> by David M. Guion. 43-45<\/li>\n<\/ul>\n<p>ITAJ Volume 40 no.1 (Winter 2012)<\/p>\n<ul>\n<li><em>Jubilate Deo: &#8220;Sing Out to the Lord&#8221; 1597<\/em> by Giovanni Gabrieli,\u00a0transcribed by David Mathie. 44<\/li>\n<\/ul>\n<p>ITAJ Volume 37 no.2 (Spring 2009)<\/p>\n<ul>\n<li><em>Sonata No.4<\/em> by Dario Castello, arranged by Richard I. Schwartz and Mark LaFratta. 40-1.<\/li>\n<\/ul>\n<p>ITAJ Volume 36 no.2 (April 2008)<\/p>\n<ul>\n<li><em>The Trombone<\/em> by Trevor Herbert. 67-9.<\/li>\n<li><em>Sonata for Trombone and Piano<\/em> by Joseph Trapanese. 71-2.<\/li>\n<li><em>Three Admirations<\/em> for bass trombone and piano by Daniel Kallman. 72.<\/li>\n<\/ul>\n<p>ITAJ Volume 35 no.4 (October 2007)<\/p>\n<ul>\n<li><em>Also Sprach Arnold Jacobs: A Developmental Guide for Brass Wind Musicians<\/em> compiled by Bruce Nelson. 76.<\/li>\n<\/ul>\n<p>ITAJ Volume 35 no.2 (April 2007):<\/p>\n<ul>\n<li><em>20 minute Warm-up Routine <\/em>by Michael Davis. 62.<\/li>\n<\/ul>\n<p>ITAJ Volume 35 no.1 (January 2007):<\/p>\n<ul>\n<li><em>An Elizabethan Songbook <\/em>for trumpet, trombone or euphonium and piano by Eric Ewazen. 58-9.<\/li>\n<\/ul>\n<p>ITAJ Volume 34 no.\u00a02 (April 2006):<\/p>\n<ul>\n<li><em>Solos for the Student Trombonist: An Annotated Bibliography Second Edition <\/em>edited by J. Mark Thompson. 72-3.<\/li>\n<\/ul>\n<p>ITAJ Volume 34 no.\u00a01 (January 2006):<\/p>\n<ul>\n<li><em>The Sadness In My Soul<\/em> for trombone and piano by Vitaly Chepelenko. 71-2.<\/li>\n<li><em>Sonata<\/em> for trombone and piano by Oksana Pohilo. 72.<\/li>\n<li><em>Concerto No.4<\/em> for two trombones and orchestra by Vitaly Patzera. 75.<\/li>\n<\/ul>\n<p>ITAJ Volume 33 no. 4 (October 2005):<\/p>\n<ul>\n<li><em>Coney Island Medley<\/em> for four trombones by Applegate, Goodwin and Meyer, arranged by John Pursell. 82.<\/li>\n<\/ul>\n<p>ITAJ Volume 33 no. 1 (January 2005)<\/p>\n<ul>\n<li><em>Selected Trombone Masterclasses,<\/em> Vol.1, 2001 and <em>Selected Breathing Masterclasses,<\/em> Vol.1, 2002 by Windplayer Publications. 62-63.<\/li>\n<\/ul>\n<p>ITAJ Volume 32 no. 3 (July 2004):<\/p>\n<ul>\n<li><em>\u00b7&#8221;Listen to the others . . . as well&#8221;<\/em> for four trombones by Marin Valtchanov. 63.<\/li>\n<\/ul>\n<p>ITAJ Volume 32 no. 2 (April 2004):<\/p>\n<ul>\n<li>\u00b7 <em>Night Song<\/em> for trombone and piano by Athony Iannaccone. 56.<\/li>\n<\/ul>\n<p>ITAJ Volume 32 no. 1 (January 2004):<\/p>\n<ul>\n<li><em>Sonata for Trombone and Piano<\/em> by David L. Wells. 64.<\/li>\n<\/ul>\n<p>ITAJ Volume 31 no. 4 (October 2003):<\/p>\n<ul>\n<li>\u00a0<em>Pr\u00e9lude, \u00e9l\u00e9gie et final<\/em> for tenor or bass trombone or tuba and piano by Jean-Michel Damase. 81.<\/li>\n<li>\u00b7<em>Fantasy for Trombone<\/em> and piano by Elizabeth Raum. 81-82.<\/li>\n<\/ul>\n<p>ITAJ Volume 31 no. 3 (July 2003):<\/p>\n<ul>\n<li><em>Eclogue<\/em> for trombone and piano by Alan Ridout. 62.<\/li>\n<li><em>Solo de Concours<\/em> for trombone and piano by Adrien Barthe. 62.<\/li>\n<\/ul>\n<p>ITAJ Volume 31 no. 2 (April 2003):<\/p>\n<ul>\n<li><em>Lynn Meadows Waltz<\/em> for trombone and piano by Lennie Niehaus. 49.<\/li>\n<li><em>Daily Routines<\/em> for Trombone by David Vining.49-50.<\/li>\n<\/ul>\n<p>ITAJ Volume 31 no. 1 (January 2003):<\/p>\n<ul>\n<li><em>Rapsodie Armoricaine<\/em> for trombone and piano by Marc Lys. 72.<\/li>\n<\/ul>\n<p>.ITAJ Volume 30 no.4 (October 2002):<\/p>\n<ul>\n<li><em>Dark Tango<\/em> for trombone and organ by Charles Hoag. 93-4.<\/li>\n<\/ul>\n<p>ITAJ Volume 30 no.3 (July 2002):<\/p>\n<ul>\n<li>A<em> Heroic Tale<\/em> for eight trombones by Eric Hankey. 58.<\/li>\n<\/ul>\n<p>ITAJ Volume 30 no.2 (April 2002):<\/p>\n<ul>\n<li><em>Arban Complete Method for Trombone and Euphonium,<\/em> Joseph Alessi and Brian Bowman, editors. 43-4.<\/li>\n<\/ul>\n<p>ITAJ Volume 30, no.1 (January 2002):<\/p>\n<ul>\n<li><em>Concerto in B-flat major<\/em> for alto trombone and strings by J.G. Albrechtsberger. 73.<\/li>\n<\/ul>\n<p>ITAJ Volume 28, no.3 (Summer 2000):<\/p>\n<ul>\n<li><em>Sonatina<\/em> for trombone and piano by Jan Koetsier. 59.<\/li>\n<li><em>Chorale<\/em> for trombone quartet by Rodney S. Miller. 62.<\/li>\n<\/ul>\n<p>ITAJ Volume 28, no.1 (Winter 2000):<\/p>\n<ul>\n<li><em>Fond Memories of Frank Rosolino: Historical Notes and Transcriptions<\/em> by Herwig, Pivert, and Benedict. 56.<\/li>\n<li><em>Sonatina<\/em> for trombone and piano by David Uber. 57.<\/li>\n<\/ul>\n<p>ITAJ Volume 27 no.4 (Fall 1999):<\/p>\n<ul>\n<li><em>The Trombone: An Annotated Bibliography<\/em> by G.B. Lane. 72.<\/li>\n<\/ul>\n<p>ITAJ Volume 27 no.1 (Winter 1999):<\/p>\n<ul>\n<li><em>wotda . . .,<\/em> for trombone and audience members by Dan Aldag. 59-60.<\/li>\n<\/ul>\n<p>ITAJ Volume 26 no. 4 (Fall 1998):<\/p>\n<ul>\n<li><em>In Darkest Africa<\/em> and <em>Cakewalk Contest<\/em> for trombone and piano by Arthur Pryor, edited by Ken Shifrin. 81.<\/li>\n<li><em>Trumpet Voluntary<\/em> for trombone quartet by Jeremiah Clarke, arranged by Ronald C. Dishinger. 82.<\/li>\n<li><em>Madrigal: Madonna mia gentil<\/em> for trombone quartet by Luca Marenzio, arranged by Ronald C. Dishinger. 82.<\/li>\n<li><em>The Pink Panther<\/em> for trombone quartet by Henry Mancini, arranged by Dennis Armitage. 83.<\/li>\n<\/ul>\n<p>ITAJ Volume 26, no.3 (Summer 1998):<\/p>\n<ul>\n<li><em>Subadobe<\/em> for trombone only by Fredrik H\u00f6gberg. 60.<\/li>\n<li><em>Concertino<\/em> for 2 horns (or horn and alto trombone) and orchestra\/piano reduction by Michael Haydn, edited by R\u00f3bert \u00c1rp\u00e1d Mur\u00e1nyi. 60-1.<\/li>\n<li><em>50 \u00c9tudes Faciles et Progressives,<\/em> vol. 2, <em>\u00c9tudes vari\u00e9es sur la souplesse et le legato,<\/em> vols. 1 and 3 for trombone by J\u00e9r\u00f4me Naulais. 61-2.<\/li>\n<\/ul>\n\n\n<p><\/p>\n\n\n\n<p><\/p>\n\n\n\n<p><\/p>\n\n\n\n<p><\/p>\n","protected":false},"excerpt":{"rendered":"<p>Released 2017.Liebeslieder Waltzes Op.52, a collection of eighteen, short love songs originally for SATB chorus&nbsp;and 4-hands piano. This arrangement comprises 30 minutes of music for 12-part brass ensemble and piano. Instrumentation: 4 Trumpets in B-flat, 3 Horns, 4 Trombones, Tuba&#8230; <a class=\"more-link\" href=\"https:\/\/fs.wp.odu.edu\/jhall\/sample-page\/publications\/\">Continue Reading &rarr;<\/a><\/p>\n","protected":false},"author":1221,"featured_media":0,"parent":2,"menu_order":0,"comment_status":"closed","ping_status":"closed","template":"","meta":{"_exactmetrics_skip_tracking":false,"_exactmetrics_sitenote_active":false,"_exactmetrics_sitenote_note":"","_exactmetrics_sitenote_category":0,"footnotes":"","_links_to":"","_links_to_target":""},"_links":{"self":[{"href":"https:\/\/fs.wp.odu.edu\/jhall\/wp-json\/wp\/v2\/pages\/26"}],"collection":[{"href":"https:\/\/fs.wp.odu.edu\/jhall\/wp-json\/wp\/v2\/pages"}],"about":[{"href":"https:\/\/fs.wp.odu.edu\/jhall\/wp-json\/wp\/v2\/types\/page"}],"author":[{"embeddable":true,"href":"https:\/\/fs.wp.odu.edu\/jhall\/wp-json\/wp\/v2\/users\/1221"}],"replies":[{"embeddable":true,"href":"https:\/\/fs.wp.odu.edu\/jhall\/wp-json\/wp\/v2\/comments?post=26"}],"version-history":[{"count":4,"href":"https:\/\/fs.wp.odu.edu\/jhall\/wp-json\/wp\/v2\/pages\/26\/revisions"}],"predecessor-version":[{"id":1338,"href":"https:\/\/fs.wp.odu.edu\/jhall\/wp-json\/wp\/v2\/pages\/26\/revisions\/1338"}],"up":[{"embeddable":true,"href":"https:\/\/fs.wp.odu.edu\/jhall\/wp-json\/wp\/v2\/pages\/2"}],"wp:attachment":[{"href":"https:\/\/fs.wp.odu.edu\/jhall\/wp-json\/wp\/v2\/media?parent=26"}],"curies":[{"name":"wp","href":"https:\/\/api.w.org\/{rel}","templated":true}]}}