{"id":49,"date":"2016-03-10T20:45:56","date_gmt":"2016-03-10T20:45:56","guid":{"rendered":"https:\/\/fs.wp.odu.edu\/phatcher\/?page_id=49"},"modified":"2023-09-01T15:12:58","modified_gmt":"2023-09-01T15:12:58","slug":"current-students","status":"publish","type":"page","link":"https:\/\/fs.wp.odu.edu\/phatcher\/current-students\/","title":{"rendered":"Current Group Members"},"content":{"rendered":"<p><a href=\"https:\/\/fs.wp.odu.edu\/phatcher\/wp-content\/uploads\/sites\/1438\/2016\/03\/Patrick_Hatcher.jpg\" rel=\"attachment wp-att-55\"><img loading=\"lazy\" decoding=\"async\" class=\"wp-image-55 aligncenter\" src=\"https:\/\/fs.wp.odu.edu\/phatcher\/wp-content\/uploads\/sites\/1438\/2016\/03\/Patrick_Hatcher-200x300.jpg\" alt=\"Patrick_Hatcher\" width=\"149\" height=\"224\" srcset=\"https:\/\/fs.wp.odu.edu\/phatcher\/wp-content\/uploads\/sites\/1438\/2016\/03\/Patrick_Hatcher-200x300.jpg 200w, https:\/\/fs.wp.odu.edu\/phatcher\/wp-content\/uploads\/sites\/1438\/2016\/03\/Patrick_Hatcher-683x1024.jpg 683w, https:\/\/fs.wp.odu.edu\/phatcher\/wp-content\/uploads\/sites\/1438\/2016\/03\/Patrick_Hatcher-945x1418.jpg 945w, https:\/\/fs.wp.odu.edu\/phatcher\/wp-content\/uploads\/sites\/1438\/2016\/03\/Patrick_Hatcher-600x900.jpg 600w, https:\/\/fs.wp.odu.edu\/phatcher\/wp-content\/uploads\/sites\/1438\/2016\/03\/Patrick_Hatcher.jpg 1600w\" sizes=\"(max-width: 149px) 100vw, 149px\" \/><\/a><\/p>\n<p style=\"text-align: center\"><strong>Dr. Patrick Hatcher<br \/><\/strong>Email: <a href=\"mailto:phatcher@odu.edu\">phatcher@odu.edu<\/a><\/p>\n<p align=\"justify\">Patrick Hatcher received his B.S. in Chemistry in 1970 from N.C. State University, his M.S. in Marine Chemistry in 1974 from the University of Miami (FL), and his Ph.D. in Chemistry in 1980 from the University of Maryland.<\/p>\n<p align=\"justify\">In 1989 he joined Penn State University as Associate Professor. Promoted to Professor in 1995, he was appointed Director of the Center for Environmental Chemistry and Geochemistry in 1996, and to Adjunct Professor of Chemistry in 1996.<\/p>\n<p align=\"justify\">In 1998, he joined the Department of Chemistry at Ohio State where he directed the NSF-funded Environmental Molecular Science Institute and held a faculty position in the Department of Geological Sciences.<\/p>\n<p align=\"justify\">Dr. Hatcher came to ODU in 2006 where he serves as the Batten Endowed Chair in Physical Sciences, professor in the Department of Chemistry and Biochemistry, Faculty Director of the College of Sciences Major Instrumentation Center, and the Executive Director of the Virginia Coastal Energy Research Consortium.<\/p>\n<p align=\"justify\">Dr. Hatcher&#8217;s <a href=\"https:\/\/scholar.google.com\/citations?user=M3U9OXAAAAAJ&amp;hl=en\">Google Scholar\u00a0<\/a><\/p>\n<h4 align=\"justify\">\u00a0<\/h4>\n<h4 style=\"text-align: center\" align=\"justify\"><strong>Laboratory Manager<\/strong><\/h4>\n<p style=\"text-align: center\" align=\"justify\"><a href=\"https:\/\/fs.wp.odu.edu\/phatcher\/wp-content\/uploads\/sites\/1438\/2016\/03\/r_sleighter.jpg\" rel=\"attachment wp-att-61\"><img loading=\"lazy\" decoding=\"async\" class=\"alignnone wp-image-61\" src=\"https:\/\/fs.wp.odu.edu\/phatcher\/wp-content\/uploads\/sites\/1438\/2016\/03\/r_sleighter-300x300.jpg\" alt=\"r_sleighter\" width=\"169\" height=\"169\" srcset=\"https:\/\/fs.wp.odu.edu\/phatcher\/wp-content\/uploads\/sites\/1438\/2016\/03\/r_sleighter-300x300.jpg 300w, https:\/\/fs.wp.odu.edu\/phatcher\/wp-content\/uploads\/sites\/1438\/2016\/03\/r_sleighter-150x150.jpg 150w, https:\/\/fs.wp.odu.edu\/phatcher\/wp-content\/uploads\/sites\/1438\/2016\/03\/r_sleighter.jpg 500w\" sizes=\"(max-width: 169px) 100vw, 169px\" \/><\/a><\/p>\n<p style=\"text-align: center\"><strong>Dr. Rachel Sleighter<br \/><\/strong>Email: <a href=\"mailto:rsleight@odu.edu\">rsleight@odu.edu<\/a><\/p>\n<p>Rachel Sleighter joined the Hatcher Group during the summer of 2005 as a first-year graduate student in the Department of Chemistry and Biochemistry.<span style=\"font-family: 'MS Gothic'\">\u00a0<\/span>She attended the University of Delaware where she graduated with distinction with her B.S. in Chemistry.<span style=\"font-family: 'MS Gothic'\">\u00a0<\/span>During her last two years at UD, she performed undergraduate research in a mass spectrometry laboratory interested in air quality and the organic contaminants present in urban air.<\/p>\n<p>As a Ph.D. student, she studied the transformation of dissolved organic matter (DOM) along a river to bay to ocean transect.<span style=\"font-family: 'MS Gothic'\">\u00a0<\/span>Tracking these changes in DOM composition from a terrestrial to marine environment is accomplished using Fourier transform ion cyclotron resonance mass spectrometry (FT-ICR-MS), gas and liquid chromatography (GC and LC), and nuclear magnetic resonance (NMR), combined with multivariate statistical analysis.\u00a0She graduated with her Ph.D. in Chemistry in December 2009.\u00a0Since then, she has been a part-time laboratory manager for the Hatcher group and a full-time analytical chemist for FBSciences, Inc.<\/p>\n<p>Dr. Sleighter&#8217;s <a href=\"https:\/\/scholar.google.com\/citations?user=4TJ-uucAAAAJ&amp;hl=en\">Google Scholar<\/a><\/p>\n<h4 align=\"justify\">\u00a0<\/h4>\n<h4 style=\"text-align: center\" align=\"justify\"><strong>Postdoctoral Researcher<\/strong><\/h4>\n<p style=\"text-align: center\"><a href=\"https:\/\/fs.wp.odu.edu\/phatcher\/wp-content\/uploads\/sites\/1438\/2022\/02\/IMG_20210405_142010_940-1-scaled.jpg\"><img loading=\"lazy\" decoding=\"async\" class=\"alignnone  wp-image-488\" src=\"https:\/\/fs.wp.odu.edu\/phatcher\/wp-content\/uploads\/sites\/1438\/2022\/02\/IMG_20210405_142010_940-1-240x300.jpg\" alt=\"\" width=\"204\" height=\"255\" srcset=\"https:\/\/fs.wp.odu.edu\/phatcher\/wp-content\/uploads\/sites\/1438\/2022\/02\/IMG_20210405_142010_940-1-240x300.jpg 240w, https:\/\/fs.wp.odu.edu\/phatcher\/wp-content\/uploads\/sites\/1438\/2022\/02\/IMG_20210405_142010_940-1-819x1024.jpg 819w, https:\/\/fs.wp.odu.edu\/phatcher\/wp-content\/uploads\/sites\/1438\/2022\/02\/IMG_20210405_142010_940-1-768x960.jpg 768w, https:\/\/fs.wp.odu.edu\/phatcher\/wp-content\/uploads\/sites\/1438\/2022\/02\/IMG_20210405_142010_940-1-1229x1536.jpg 1229w, https:\/\/fs.wp.odu.edu\/phatcher\/wp-content\/uploads\/sites\/1438\/2022\/02\/IMG_20210405_142010_940-1-1638x2048.jpg 1638w, https:\/\/fs.wp.odu.edu\/phatcher\/wp-content\/uploads\/sites\/1438\/2022\/02\/IMG_20210405_142010_940-1-scaled.jpg 2048w\" sizes=\"(max-width: 204px) 100vw, 204px\" \/><\/a><\/p>\n<p style=\"text-align: center\"><strong>Dr. Aleksandar &#8220;Alex&#8221; I. Goranov<br \/><\/strong>Email: <a href=\"mailto:agoranov@odu.edu\">agoranov@odu.edu<\/a><\/p>\n<p style=\"text-align: left\">Alex Goranov, originally from Bulgaria, came to the United States in 2013 to pursue his B.S. at Ramapo College of New Jersey. His undergraduate research focused on the fluorescence characteristics of novel solvent-sensitive fluorophores. He also studied the chemistry of microplastics at Macquarie University (Sydney, Australia), the chemical ecology of seagrasses at the Center for Marine Resource Studies vin the Turks and Caicos Islands, and developed methodologies for quantification and \u03b413C-characterization of condensed aromatic carbon at Skidaway Institute of Oceanography (Savannah, GA). In 2017, he graduated with his B.S. in Chemistry with Honors and Distinction. He joined Old Dominion University in 2017 to pursue his PhD under the mentorship of Dr. Pat Hatcher. Alex employed a multifaceted approach (FT-ICR-MS, 2D NMR, UV-VIS, fluorescence EEMs, etc.) to characterize natural and pyrogenic organic matter and their photochemical\/microbial fate in the environment.<\/p>\n<p style=\"text-align: left\">After graduating in 2020, Alex pursued a postdoctoral position at Rensselaer Polytechnic Institute (under the mentorship of Dr. Sasha Wagner) to study condensed aromatic carbon in various systems using \u03b413C analysis. In 2022, Alex returned to ODU to further advance his knowledge about soil chemistry, the sorption of anthropogenic molecules (such as per- and polyfluoroalkyl substances, PFAS) onto soil and charcoal matrices, and the photochemistry of microplastics. Alex Goranov is ultimately aiming to pursue a faculty position teaching analytical chemistry and researching pyrogenic and natural substances.<\/p>\n<p>Dr. Goranov&#8217;s <a href=\"https:\/\/scholar.google.com\/citations?user=MU3xTpgAAAAJ&amp;hl=en\">Google Scholar<\/a><\/p>\n<h4>\u00a0<\/h4>\n<h4 style=\"text-align: center\"><strong>Current Graduate Students<\/strong><\/h4>\n<div>\n<p style=\"text-align: center\"><a href=\"https:\/\/fs.wp.odu.edu\/phatcher\/wp-content\/uploads\/sites\/1438\/2023\/09\/Hannah-Hamontree-Headshot-scaled.jpg\"><img loading=\"lazy\" decoding=\"async\" class=\"alignnone wp-image-671 size-medium\" src=\"https:\/\/fs.wp.odu.edu\/phatcher\/wp-content\/uploads\/sites\/1438\/2023\/09\/Hannah-Hamontree-Headshot-203x300.jpg\" alt=\"\" width=\"203\" height=\"300\" srcset=\"https:\/\/fs.wp.odu.edu\/phatcher\/wp-content\/uploads\/sites\/1438\/2023\/09\/Hannah-Hamontree-Headshot-203x300.jpg 203w, https:\/\/fs.wp.odu.edu\/phatcher\/wp-content\/uploads\/sites\/1438\/2023\/09\/Hannah-Hamontree-Headshot-691x1024.jpg 691w, https:\/\/fs.wp.odu.edu\/phatcher\/wp-content\/uploads\/sites\/1438\/2023\/09\/Hannah-Hamontree-Headshot-768x1137.jpg 768w, https:\/\/fs.wp.odu.edu\/phatcher\/wp-content\/uploads\/sites\/1438\/2023\/09\/Hannah-Hamontree-Headshot-1037x1536.jpg 1037w, https:\/\/fs.wp.odu.edu\/phatcher\/wp-content\/uploads\/sites\/1438\/2023\/09\/Hannah-Hamontree-Headshot-1383x2048.jpg 1383w, https:\/\/fs.wp.odu.edu\/phatcher\/wp-content\/uploads\/sites\/1438\/2023\/09\/Hannah-Hamontree-Headshot-scaled.jpg 1728w\" sizes=\"(max-width: 203px) 100vw, 203px\" \/><\/a><\/p>\n<\/div>\n<p style=\"text-align: center\"><strong>Hannah Hamontree <\/strong>&#8211; joined summer 2020<\/p>\n<p style=\"text-align: left\">From 2014 to 2018,\u00a0<span class=\"il\">Hannah<\/span>\u00a0Hamontree attended Eckerd College in sunny St. Pete, Florida where she received a dual bachelor of science in chemistry and Spanish. Following graduation, she worked at the University of South Florida College of Marine Science under Dr. Isabel C. Romero as a GC\/MS\/MS analyst and organic\u00a0 laboratory technician. In this role\u00a0<span class=\"il\">Hannah<\/span> preformed GC\/MS\/MS analyses of biological and sediment samples from the Gulf of Mexico targeting toxicants and persistent organic compounds. Her work contributed to two Gulf of Mexico Research Initiative projects to improve understanding of oil-spill environmental impacts: \u201cResuspension, Redistribution and Deposition of DWH Recalcitrant Hydrocarbons to offshore Depocenters (REDIRECT)\u201d and \u201cDeep-Pelagic Nekton studies of the Gulf of Mexico (DEEPEND)\u201d. Following this position,\u00a0<span class=\"il\">Hannah<\/span> joined the Hatcher group in the summer of 2020.\u00a0<\/p>\n<p>Hannah&#8217;s current research focuses on the influence of environmental oxidation on terrestrial organic matter (terrOM) during chemical transformation pathways pertaining to its oceanic export. The research is centered around two forms of terrOM: 1) pyrogenic organic matter (i.e., biochar) generated from the pyrolysis of natural organic matter in natural (e.g., wildfires) and laboratory (e.g., custom pyrolizer) settings and 2) terrOM sequestered by mangroves (e.g., leaves and peat). Her broad research interests revolve around understanding the global biogeochemical cycles, particularly, in studying natural oxidation pathways that chemically alter terrOM.<\/p>\n<p>\u00a0<\/p>\n<p><a href=\"https:\/\/fs.wp.odu.edu\/phatcher\/wp-content\/uploads\/sites\/1438\/2022\/02\/Sam-Sullivan-Cropped-scaled.jpg\"><img loading=\"lazy\" decoding=\"async\" class=\"size-medium wp-image-503 aligncenter\" src=\"https:\/\/fs.wp.odu.edu\/phatcher\/wp-content\/uploads\/sites\/1438\/2022\/02\/Sam-Sullivan-Cropped-300x217.jpg\" alt=\"\" width=\"300\" height=\"217\" srcset=\"https:\/\/fs.wp.odu.edu\/phatcher\/wp-content\/uploads\/sites\/1438\/2022\/02\/Sam-Sullivan-Cropped-300x217.jpg 300w, https:\/\/fs.wp.odu.edu\/phatcher\/wp-content\/uploads\/sites\/1438\/2022\/02\/Sam-Sullivan-Cropped-1024x739.jpg 1024w, https:\/\/fs.wp.odu.edu\/phatcher\/wp-content\/uploads\/sites\/1438\/2022\/02\/Sam-Sullivan-Cropped-768x554.jpg 768w, https:\/\/fs.wp.odu.edu\/phatcher\/wp-content\/uploads\/sites\/1438\/2022\/02\/Sam-Sullivan-Cropped-1536x1109.jpg 1536w, https:\/\/fs.wp.odu.edu\/phatcher\/wp-content\/uploads\/sites\/1438\/2022\/02\/Sam-Sullivan-Cropped-2048x1478.jpg 2048w, https:\/\/fs.wp.odu.edu\/phatcher\/wp-content\/uploads\/sites\/1438\/2022\/02\/Sam-Sullivan-Cropped-416x300.jpg 416w\" sizes=\"(max-width: 300px) 100vw, 300px\" \/><\/a><\/p>\n<p style=\"text-align: center\"><strong>Samantha Sullivan <\/strong>&#8211; joined summer 2020<\/p>\n<p>Samantha \u201cSam\u201d Sullivan attended Western Carolina University from 2015-2020 and obtained dual degrees in Forensic Chemistry and Chemistry. During her tenure at Western Carolina, she enrolled into a 4+1 program and graduated with a MS in chemistry in 2020. Her master\u2019s research focused on developing a chemical fingerprinting technique to better define geochemical soil profiling through trace metal analysis using x-ray fluorescence (XRF). \u00a0Her work tracked the downstream transportation of metals within the Big Harris Watershed, NC.<\/p>\n<p>Following her MS, Sam joined the Hatcher group in the summer of 2020 to pursue a PhD in environmental geochemistry. While at ODU, her work has comprised of studying the seasonal variation and transformation of terrestrial organic matter in Rio Tempisquite, Costa Rica.<\/p>\n<p>During the spring of 2022, Sam was awarded a Department of Defense (DOD) SMART Scholarship and will be working for the Engineering Research and Development Center facility in Vicksburg, MS upon completion of her degree.<\/p>\n<p style=\"text-align: center\"><a href=\"https:\/\/fs.wp.odu.edu\/phatcher\/wp-content\/uploads\/sites\/1438\/2022\/02\/Louis-Bondurant-Cropped.jpg\"><img loading=\"lazy\" decoding=\"async\" class=\"alignnone size-medium wp-image-505\" src=\"https:\/\/fs.wp.odu.edu\/phatcher\/wp-content\/uploads\/sites\/1438\/2022\/02\/Louis-Bondurant-Cropped-235x300.jpg\" alt=\"\" width=\"235\" height=\"300\" srcset=\"https:\/\/fs.wp.odu.edu\/phatcher\/wp-content\/uploads\/sites\/1438\/2022\/02\/Louis-Bondurant-Cropped-235x300.jpg 235w, https:\/\/fs.wp.odu.edu\/phatcher\/wp-content\/uploads\/sites\/1438\/2022\/02\/Louis-Bondurant-Cropped.jpg 317w\" sizes=\"(max-width: 235px) 100vw, 235px\" \/><\/a><\/p>\n<p style=\"text-align: center\"><strong>Louis Bondurant<\/strong> &#8211; joined fall 2020<\/p>\n<p>Louis Bondurant graduated with a B.S. in biophysical chemistry from James Madison University in 2019. His undergraduate research involved chemical and physical characterization of fertilized and unfertilized lakes in the Chesapeake Bay watershed to determine the effectiveness of fertilization on lake biomass and whether fertilization was a significant contributor to the Chesapeake Bay Total Maximum Daily Load. Following his graduation, he worked at the University of Virginia for a year as a laboratory technician aiding in the research of type one and type two diabetes under Drs. Rita and Ananda Basu. In his role he determined the enrichment of 13C and 2H glucose isotopes in human blood plasma using GC-MS. Louis joined the Hatcher group in the fall of 2020 and is excited about continuing working in research in environmental chemistry.<\/p>\n<p><a href=\"https:\/\/fs.wp.odu.edu\/phatcher\/wp-content\/uploads\/sites\/1438\/2022\/08\/Joao-Headshot.jpg\"><img loading=\"lazy\" decoding=\"async\" class=\"size-medium wp-image-552 aligncenter\" src=\"https:\/\/fs.wp.odu.edu\/phatcher\/wp-content\/uploads\/sites\/1438\/2022\/08\/Joao-Headshot-247x300.jpg\" alt=\"\" width=\"247\" height=\"300\" srcset=\"https:\/\/fs.wp.odu.edu\/phatcher\/wp-content\/uploads\/sites\/1438\/2022\/08\/Joao-Headshot-247x300.jpg 247w, https:\/\/fs.wp.odu.edu\/phatcher\/wp-content\/uploads\/sites\/1438\/2022\/08\/Joao-Headshot.jpg 294w\" sizes=\"(max-width: 247px) 100vw, 247px\" \/><\/a><\/p>\n<p style=\"text-align: center\"><strong>Jo\u00e3o Vitor dos Santos<\/strong> &#8211; joined fall 2022<\/p>\n<p>Jo\u00e3o, originally from Brazil, has a MS in Analytical Chemistry from the University of S\u00e3o Paulo (USP, Brazil) and a BS in Environmental Chemistry from the S\u00e3o Paulo State University (UNESP, Brazil).<\/p>\n<p>During his undergraduate studies Jo\u00e3o\u2019s research focused on the production and characterization of carbon-rich materials (e.g., hydrochars) by evaluating their chemical properties and application in agricultural and energy settings. His work also comprised of the extraction, characterization, and interaction of humic substances from Amazonian anthropogenic soils (e.g., Amazonian Dark Earth) with metals and PAHs. While working on his degree, Jo\u00e3o interned at the Universit\u00e9 de Toulon (UTNL, France). \u00a0<\/p>\n<p>After graduating with a BS in 2019, Jo\u00e3o started his Master&#8217;s degree at USP in partnership with The Brazilian Agricultural Research Corporation (EMBRAPA). His research focused on soil enzymatic activity and soil dissolved organic matter (DOM) by evaluating the chemical, physical, and biological soil quality of intensive grazing and integrated crop-livestock-forest systems. In the fall of 2021, Jo\u00e3o conducted a 6-month internship in the laboratory of Dr. Patrick Hatcher towards the fulfillment of his master&#8217;s research. During his tenure, he characterized soil DOM using chromatographic techniques, NMR, and ultra-high resolution mass spectrometry (e.g., ESI-FT-ICR-MS).<\/p>\n<p>Jo\u00e3o returned to the Hatcher group in the fall of 2022 to pursue his PhD in environmental chemistry at ODU.<\/p>\n<p>Jo\u00e3o&#8217;s <a href=\"https:\/\/scholar.google.com\/citations?hl=en&amp;user=EjVX9dYAAAAJ\">Google Scholar<\/a><\/p>\n<p>\u00a0<\/p>\n<p style=\"text-align: center\"><strong>Current Undergraduate Students<\/strong><\/p>\n<p style=\"text-align: center\">\u00a0<\/p>\n<p style=\"text-align: center\"><a href=\"https:\/\/fs.wp.odu.edu\/phatcher\/wp-content\/uploads\/sites\/1438\/2023\/09\/Joseph-Sosa.png\"><img loading=\"lazy\" decoding=\"async\" class=\"alignnone wp-image-667 size-medium\" src=\"https:\/\/fs.wp.odu.edu\/phatcher\/wp-content\/uploads\/sites\/1438\/2023\/09\/Joseph-Sosa-262x300.png\" alt=\"\" width=\"262\" height=\"300\" srcset=\"https:\/\/fs.wp.odu.edu\/phatcher\/wp-content\/uploads\/sites\/1438\/2023\/09\/Joseph-Sosa-262x300.png 262w, https:\/\/fs.wp.odu.edu\/phatcher\/wp-content\/uploads\/sites\/1438\/2023\/09\/Joseph-Sosa.png 695w\" sizes=\"(max-width: 262px) 100vw, 262px\" \/><\/a><\/p>\n<p style=\"text-align: center\"><strong>Joseph Sosa<\/strong>&#8211; joined spring 2023<!--more--><\/p>\n\n\n<p><\/p>\n","protected":false},"excerpt":{"rendered":"<p>Dr. Patrick HatcherEmail: phatcher@odu.edu Patrick Hatcher received his B.S. in Chemistry in 1970 from N.C. State University, his M.S. in Marine Chemistry in 1974 from the University of Miami (FL), and his Ph.D. in Chemistry in 1980 from the University of Maryland. In 1989 he joined Penn State University as Associate Professor. Promoted to Professor&#8230; <\/p>\n<div class=\"link-more\"><a href=\"https:\/\/fs.wp.odu.edu\/phatcher\/current-students\/\">Read More<\/a><\/div>\n","protected":false},"author":13837,"featured_media":0,"parent":0,"menu_order":0,"comment_status":"closed","ping_status":"closed","template":"","meta":{"footnotes":""},"_links":{"self":[{"href":"https:\/\/fs.wp.odu.edu\/phatcher\/wp-json\/wp\/v2\/pages\/49"}],"collection":[{"href":"https:\/\/fs.wp.odu.edu\/phatcher\/wp-json\/wp\/v2\/pages"}],"about":[{"href":"https:\/\/fs.wp.odu.edu\/phatcher\/wp-json\/wp\/v2\/types\/page"}],"author":[{"embeddable":true,"href":"https:\/\/fs.wp.odu.edu\/phatcher\/wp-json\/wp\/v2\/users\/13837"}],"replies":[{"embeddable":true,"href":"https:\/\/fs.wp.odu.edu\/phatcher\/wp-json\/wp\/v2\/comments?post=49"}],"version-history":[{"count":4,"href":"https:\/\/fs.wp.odu.edu\/phatcher\/wp-json\/wp\/v2\/pages\/49\/revisions"}],"predecessor-version":[{"id":673,"href":"https:\/\/fs.wp.odu.edu\/phatcher\/wp-json\/wp\/v2\/pages\/49\/revisions\/673"}],"wp:attachment":[{"href":"https:\/\/fs.wp.odu.edu\/phatcher\/wp-json\/wp\/v2\/media?parent=49"}],"curies":[{"name":"wp","href":"https:\/\/api.w.org\/{rel}","templated":true}]}}