{"id":39,"date":"2019-11-14T22:56:00","date_gmt":"2019-11-14T22:56:00","guid":{"rendered":"https:\/\/fs.wp.odu.edu\/spagola\/?page_id=39"},"modified":"2025-07-24T22:56:47","modified_gmt":"2025-07-24T22:56:47","slug":"publications-list","status":"publish","type":"page","link":"https:\/\/fs.wp.odu.edu\/spagola\/publications-list\/","title":{"rendered":"Publications List"},"content":{"rendered":"\n<figure class=\"wp-block-table aligncenter is-style-stripes\"><table class=\"has-background\" style=\"background-color:#f3f4f5\"><tbody><tr><td class=\"has-text-align-left\" data-align=\"left\">44) <strong>&#8220;Amorphous quininium aspirinate from neat mechanochemistry: diffracting nanocrystalline domains and quick recrystallization upon exposure to solvent vapours&#8221;.<\/strong> Silvina Pagola, James Howard, Johannes Merkelbach and Danny Stam. <em>RSC Mechanochemistry<\/em>, 2025.<br><a href=\"https:\/\/pubs.rsc.org\/en\/content\/articlelanding\/2025\/mr\/d5mr00028a\" target=\"_blank\" rel=\"noreferrer noopener\">DOI: 10.1039\/d5mr00028a<\/a><br><br>43) &#8220;<strong>A comparison of microcrystal electron diffraction and X-ray powder diffraction for the structural analysis of metal\u2013organic frameworks<\/strong>&#8221; Erik Biehler, Silvina Pagola, Daniel Stam, Johannes Merkelbach, Christian Jandl, and Tarek M. Abdel-Fattah. <em>Journal of Applied Crystallography,<\/em> 2025, <a href=\"https:\/\/doi.org\/10.1107\/S1600576724012068\">https:\/\/doi.org\/10.1107\/S1600576724012068<\/a><br><br>42) <strong>&#8220;Outstanding Advantages, Current Drawbacks, and Significant Recent Developments in Mechanochemistry: A Perspective View&#8221;<\/strong> Silvina Pagola. <em>Crystals<\/em>, 2023, <em>13<\/em>(1), 124. <a href=\"https:\/\/doi.org\/10.3390\/cryst13010124\" target=\"_blank\" rel=\"noreferrer noopener\">https:\/\/doi.org\/10.3390\/cryst13010124<\/a> (Review).<br><br>41) <strong>\u201cMechanochemical synthesis insights and solid-state characterization of quininium aspirinate, a glass-forming drug-drug salt\u201d <\/strong>Nehemiah Harris, Jubilee Benedict, Diane A. Dickie and Silvina Pagola. <em>Acta Crystallographica <\/em>2021, C77, 566-576. <a href=\"https:\/\/doi.org\/10.1107\/S2053229621008275\" target=\"_blank\" rel=\"noreferrer noopener\">https:\/\/doi.org\/10.1107\/S2053229621008275<\/a><br><br>40) <strong>\u201cStrength enhancement in ice-templated lithium titanate Li<sub>4<\/sub>Ti<sub>5<\/sub>O<sub>12<\/sub> materials using sucrose\u201d<\/strong> R. Parai, T. Walters, J. Marin, S. Pagola, G. M. Koenig Jr. and D. Ghosh. <em>Materialia<\/em> 2020, 14, 100901. <br><br>39) <strong>\u201cCrystal and molecular structure of fenspiride, C<sub>15<\/sub>H<sub>20<\/sub>N<sub>2<\/sub>O<sub>2<\/sub>\u201d<\/strong> S. Pagola. <em>Powder Diffraction<\/em> 2020, 35 (2), 144-146. <a href=\"https:\/\/doi.org\/10.1017\/S0885715620000159\" target=\"_blank\" rel=\"noreferrer noopener\">DOI: 10.1017\/S0885715620000159<\/a><br><br>38) &#8220;<strong>Tetrathiafulvalene: A Gate to the Mechanochemical Mechanisms of Electron Transfer Reactions&#8221;<\/strong> R. Chen, M. K. Gokus and S. Pagola. <em>Crystals <\/em>(2020) 10(6), 482. <a href=\"https:\/\/www.mdpi.com\/2073-4352\/10\/6\/482\" target=\"_blank\" rel=\"noreferrer noopener\">https:\/\/www.mdpi.com\/2073-4352\/10\/6\/482<\/a><br><br>37) <strong>\u201cAccessing new charge transfer complexes of tetrathiafulvalene by \u201cgreen\u201d chemistry: mechanochemical synthesis and solid-state characterization of a new tetrathiafulvalene chloranilic acid polymorph\u201d<\/strong> J. Jones, V. Ta Phuoc, L. del Campo, N. E. Massa, C. M. Brown and S. Pagola.<em> Crystal Growth &amp; Design<\/em> (2019) 19, 4970\u22124980.  <a aria-label=\"https:\/\/doi.org\/10.1021\/acs.cgd.9b00182  (opens in a new tab)\" href=\"https:\/\/doi.org\/10.1021\/acs.cgd.9b00182\" target=\"_blank\" rel=\"noreferrer noopener\">https:\/\/doi.org\/10.1021\/acs.cgd.9b00182 <\/a><br><br>36) <strong>\u201cFour interpenetrating hydrogen-bonded three-dimensional networks in divanillin\u201d<\/strong> M. R. Imer, V. Aldabalde, S. Pagola, J. van de Streek and L. Suescun. <em>Acta Cryst. <\/em>(2018) C74, 1768\u20131773. \u00a0DOI:\u00a0<a href=\"https:\/\/doi.org\/10.1107\/s2053229618016200\" target=\"_blank\" rel=\"noreferrer noopener\">10.1107\/S2053229618016200<\/a><br> <br>35) <strong>Guest editor of the<em>\u00a0Crystals<\/em>\u00a0special Issue &#8220;Structural Analysis of Crystalline Materials from Powders&#8221; at <a aria-label=\" (opens in a new tab)\" href=\"http:\/\/www.mdpi.com\/journal\/crystals\/special_issues\/structural_analysis#published\" target=\"_blank\" rel=\"noreferrer noopener\">http:\/\/www.mdpi.com\/journal\/crystals\/special_issues\/structural_analysis#published<\/a><\/strong><br><br>34) <strong>&#8220;Revisiting the crystal structure of [Co(NH<\/strong><sub>3<\/sub><strong>)<\/strong><sub>5<\/sub><strong>Cl]Cl<\/strong><sub>2<\/sub><strong>\u00a0using synchrotron powder diffraction: To what extent single crystal diffraction from 1960\u2019s got it right?&#8221;.\u00a0<\/strong>S. Mohamud and S. Pagola.\u00a0<em>Powder Diffraction<\/em>\u00a032:3 (2017) 179-186. \u00a0<a href=\"https:\/\/doi.org\/10.1017\/S0885715617000677\" target=\"_blank\" rel=\"noreferrer noopener\">https:\/\/doi.org\/10.1017\/S0885715617000677<\/a><br><br>33) <strong>&#8220;WinPSSP: a revamp of the computer program PSSP and its performance solving the crystal structures of small organic compounds and solids of biological and pharmaceutical interest&#8221;\u00a0 <\/strong>S. Pagola, A. Polymeros and N. Kourkoumelis,\u00a0<em>J. Appl. Cryst.<\/em>\u00a050 (2017) 293-303.  <a aria-label=\" (opens in a new tab)\" href=\"https:\/\/onlinelibrary.wiley.com\/doi\/pdf\/10.1107\/S160057671601846X\" target=\"_blank\" rel=\"noreferrer noopener\">https:\/\/onlinelibrary.wiley.com\/doi\/pdf\/10.1107\/S160057671601846X<\/a> <br><br>32) \u201c<strong>TTF-DDQ: Two \u201cgreen\u201d synthetic routes, crystal structure and band gap from FT-IR spectroscopy\u201d<\/strong>.\u00a0S. Mohamud, V. Ta Phuoc, L. del Campo, N. E. Massa and S. Pagola.\u00a0<em>Synthetic Metals\u00a0<\/em>214 (2016) 71\u201375. <a aria-label=\" (opens in a new tab)\" href=\"https:\/\/doi.org\/10.1016\/j.synthmet.2016.01.016\" target=\"_blank\" rel=\"noreferrer noopener\">https:\/\/doi.org\/10.1016\/j.synthmet.2016.01.016<\/a><br><br>31) <strong>\u201cThe black polymorph of TTF-CA: TTF polymorphism and solvent effect in mechanochemical and vapor digestion syntheses, FT-IR, crystal packing and electronic structure\u201d\u00a0<\/strong>S. H. Lapidus, A. Naik, A. Wixtrom, N. E. Massa, V. Ta Phuoc, L. del Campo, S. Leb\u00e8gue, J. G. \u00c1ngy\u00e1n, T. M. Abdel-Fattah and S. Pagola.\u00a0<em>Crystal\u00a0Growth &amp; Design\u00a0<\/em>(2014), 14, 91\u2212100. <a aria-label=\" (opens in a new tab)\" href=\"https:\/\/doi.org\/10.1021\/cg401203r\" target=\"_blank\" rel=\"noreferrer noopener\">https:\/\/doi.org\/10.1021\/cg401203r<\/a><br><br>30) <strong>\u201cCrystal Structures of Manganese and Cobalt Dichloride Monohydrate and Deuteration Effects on Magnetic Behavior\u201d\u00a0<\/strong>S. Pagola,\u00a0K. T. Trowell, K. C. Havas,\u00a0Z. D. Reed, D. G. Chan and G. C. Defotis.\u00a0<em>Inorg. Chem.<\/em>\u00a0(2013), 52, 13341\u221213350. <a href=\"https:\/\/doi.org\/10.1021\/ic4013075\" target=\"_blank\" rel=\"noreferrer noopener\">https:\/\/doi.org\/10.1021\/ic4013075<\/a><br><br>29) <strong>\u201cMechanochemical Conversions Between Crystalline Polymorphs of a Complex Organic Solid\u201d<\/strong>, B. D. Altheimer, S. Pagola, M. Zeller and M. A. Mehta.\u00a0<em>Crystal\u00a0Growth &amp; Design<\/em>\u00a0(2013), 13(8), 3447-3453. <a href=\"https:\/\/doi.org\/10.1021\/cg400344z\" target=\"_blank\" rel=\"noreferrer noopener\">https:\/\/doi.org\/10.1021\/cg400344z<\/a><br><br><strong>28) \u201cStructural study of an unusually large molecular solid from powder diffraction: the sequential unravelling of hydrogen bonding and van der Waals interactions contributing to the Z\u2019=2 crystal packing of amcinonide\u201d.<\/strong>\u00a0S. Pagola and P. W. Stephens.\u00a0<em>CrystEngComm.\u00a0<\/em>(2012), 14, 5349\u20135354. <a href=\"https:\/\/doi.org\/10.1039\/C2CE25274K\" target=\"_blank\" rel=\"noreferrer noopener\">https:\/\/doi.org\/10.1039\/C2CE25274K<\/a><br><br>27) <strong><em>\u201c<\/em>Lead hexacyanoferrate(II) tetrahydrate: Crystal structure, FTIR spectroscopy and thermal decomposition studies\u201d.\u00a0<\/strong>D. M. Gil, M. Avila, E. Reguera, S. Pagola, M. I. G\u00f3mez, R. E. Carbonio.\u00a0<em>Polyhedron<\/em>\u00a033:1 (2012) 450-455.<br><br>26) <strong>\u201cSolvent-drop assisted mechanochemical synthesis of the black and green polymorphs of the tetrathiafulvalene\u2013chloranil charge transfer salt\u201d.\u00a0<\/strong>S. Benjamin,\u00a0S. Pagola, Z. Huba, E. Carpenter and T. Abdel-Fattah<em>.\u00a0Synthetic Metals,<\/em>\u00a0161, 11:12 (2011) 996-1000.<br><br>25) <strong>\u201c<em>PSSP<\/em>, a computer program for the crystal structure solution of molecular materials from X-ray powder diffraction data.\u201d<\/strong>\u00a0S. Pagola and P. W. Stephens.\u00a0<em>J. Appl. Cryst.\u00a0<\/em>(2010), 43, 370-376.  <a aria-label=\" (opens in a new tab)\" href=\"https:\/\/doi.org\/10.1107\/S0021889810005509\" target=\"_blank\" rel=\"noreferrer noopener\">https:\/\/doi.org\/10.1107\/S0021889810005509<\/a> <br><br>24) <strong>\u201cHerringbone array of hydrogen-bonded ribbons in 2-ethoxybenzamide from high resolution X-ray powder diffraction\u201d\u00a0<\/strong>S. Pagola and P. W. Stephens.\u00a0<em>Acta Cryst.\u00a0<\/em>C65 (2009) o583-o586.<br><br>23) <strong>\u201cStereochemistry determination by powder X-ray diffraction analysis and NMR spectroscopy residual dipolar couplings\u201d.\u00a0<\/strong>M. E. Garc\u00eda, S. Pagola, A. Navarro-V\u00e1zquez, D. D. Phillips, C. Gayathri, H. Krakauer, P.W. Stephens, V. E. Nicotra and R. R. Gil.\u00a0<em>Angew. Chem. Int. Ed.\u00a0<\/em>(2009), 48, 5670-5674. <a href=\"https:\/\/doi.org\/10.1002\/ange.200900760\" target=\"_blank\" rel=\"noreferrer noopener\">https:\/\/doi.org\/10.1002\/ange.200900760<\/a><br><br>22) <strong>\u201cMethyl gallate\u201d.\u00a0<\/strong>D. Bebout and S. Pagola.\u00a0<em>Acta Cryst.\u00a0<\/em>E65 (2009), o317-o318.<br><br>21) <strong>\u201cSideroxylin from\u00a0<em>Miconia ioneura<\/em>: monohydrate crystal structure from high resolution X-ray powder diffraction\u201d.\u00a0<\/strong>S. Pagola, M. I. Tracanna, S. M. Amani, A. M. Gonz\u00e1lez, A. B. Raschi, E. Romano, A. M. Benavente and P. W. Stephens.\u00a0<em>Natural Product Communications<\/em>, 3:5 (2008), 759-764 and 3:6 (2008), 1003.<br><br>20) <strong>\u201cPoly[u-2-aminopyrazine-k<sup>2<\/sup><em>N<\/em><sup>1<\/sup>:<em>N<\/em><sup>4<\/sup>-m-cyanido-copper(I)]: a three-dimensional network from laboratory powder diffraction data\u201d.\u00a0<\/strong>S. Pagola, R. D. Pike, K. deKrafft and T. A. Tronic.\u00a0<em>Acta Cryst. C<\/em>\u00a064 (2008) <br>m134-136.<br><br>19) <strong>\u201cThe crystal structure and physicochemical characteristics of 2-Hydroxy-<em>N<\/em>-[3(5)-pyrazolyl]-1,4-naphthoquinone-4-imine, a new antitrypanosomal compound\u201d.\u00a0<\/strong>N. R. Sperandeo, A. Karlsson, S. Cuffini, S. Pagola and P. W. Stephens.\u00a0<em>AAPS PharmSciTech<\/em>\u00a0(2005); 6:4, article 82.<br><br>18) <strong>\u201cStructural refinement of Nd[Fe(CN)<sub>6<\/sub>].4H<sub>2<\/sub>O and study of NdFeO<sub>3<\/sub>\u00a0obtained by its oxidative thermal decomposition at very low temperatures.\u201d\u00a0\u00a0<\/strong>M. C. Navarro, M. I. G\u00f3mez, E. V. Pannunzio-Minner, S. Pagola and R. E. Carbonio.\u00a0<em>J. Solid State Chem.\u00a0<\/em>178:3 (2005) 847-854.<br><br>17) <strong>\u201cCrystal structure determination of thymoquinone by high-resolution X-ray powder diffraction\u201d.\u00a0<\/strong>S. Pagola, A. Benavente, A. Raschi, E. Romano, M. A. A. Molina and P. W. Stephens.\u00a0<em>AAPS PharmSciTech\u00a0<\/em>(2004); 5:2, article 28.\u00a0<br><br>16) <strong>\u201cStructure and magnetic properties of Sr<sub>2<\/sub>CoWO<sub>6<\/sub>: an ordered double perovskite containing Co<sup>2+<\/sup>\u00a0(HS) with unquenched orbital magnetic moment\u201d.\u00a0<\/strong>M. C. Viola, M. J. Mart\u00ednez-Lope, J. A. Alonso, J. L. Mart\u00ednez, <br>J. M. De Paoli, S. Pagola, J. C. Pedregosa, M. T. Fern\u00e1ndez-D\u00edaz and R. E. Carbonio.\u00a0<em>Chem. Mater<\/em>. 15 (2003), 1655-1663.<br><br>15) <strong>\u201cVervey Transition under oxygen loading in RbaFe<sub>2<\/sub>O<sub>5+w<\/sub>\u00a0(R=Nd and Sm)\u201d.\u00a0<\/strong>P. Karen, P. M. Woodward, P. N. Santhosh, T. Vogt, P. W. Stephens and S. Pagola.\u00a0<em>J. Solid State Chem.\u00a0<\/em>167:2 (2002) 480-493.<br><br>14) <strong>\u201cCrystal Structure Solution of Dark Red, Light Red and Orange Polymorphs of 5-methyl-2-[(2-nitro-4-methylphenyl)amino]-3-thiophenecarbonitrile by High Resolution X-ray Powder Diffraction and Simulated Annealing Techniques\u201d.\u00a0<\/strong>S. Pagola, P.W. Stephens, X. He and S.R. Byrn.\u00a0<em>Materials Science Forum,<\/em>\u00a0378-381 (2001) 789-794.<br><br>13) <strong>\u201c<em>Ab<\/em>-initio Structure Solution of BaFeO<sub>2.8-d<\/sub>, a New Polytype in the System BaFeO<sub>y<\/sub>\u00a0(2.5\u00a0&lt;\u00a0y\u00a0&lt;\u00a03.0) Prepared from the Oxidative Thermal Decomposition of BaFe[(CN)<sub>5<\/sub>NO].3H<sub>2<\/sub>O.\u201d\u00a0<\/strong>M.I. G\u00f3mez, G. Lucotti, J.A. de Mor\u00e1n, P.J. Aymonino, S. Pagola, P. W. Stephens and R.E. Carbonio.\u00a0<em>J. Solid State Chem.\u00a0<\/em>160 (2001) 17-24.<br><br>12) <strong>\u201cMicroscopic changes in HoNiB<sub>2<\/sub>C due to thermal treatment and its effect on superconductivity\u201d.\u00a0<\/strong>A. Dertinger, R. E. Dinnebier, A. Kreyssig, P.W. Stephens, S. Pagola, M. Loewenhaupt, S. van Smaalen and H. F. Braun.\u00a0<em>Physical Review B<\/em>\u00a063, 18 (2001) article 184518.<br><br>11) <strong>\u201cStructural development during deformation of polyurethane containing polyhedral oligomeric silsesquioxanes (POSS) molecules\u201d.\u00a0<\/strong>B.X. Fu, B. S. Hsiao, S. Pagola, P. W. Stephens, H. White, M. Rafailovich, J. Sokolov, P. T. Mather, H. G. Jeon, S. Phillips, J. Lichtenhan and J. Schwab.\u00a0<em>Polymer\u00a0<\/em>42 (2001) 599-611.<br><br>10) <strong>\u201cThe Structure of Malaria Pigment\u00a0beta-haematin\u201d.\u00a0<\/strong>S. Pagola, P. W. Stephens, D. S. Bohle, A. D. Kosar and S. K. Madsen.\u00a0<em>Nature<\/em>, 404 (2000) 307-310. <a href=\"https:\/\/doi.org\/10.1038\/35005132\" target=\"_blank\" rel=\"noreferrer noopener\">https:\/\/doi.org\/10.1038\/35005132<\/a><br><br>9) <strong>\u201cTowards the Solution of Organic Crystal Structures by Powder Diffraction\u201d.\u00a0<\/strong>S. Pagola and P. W. Stephens.\u00a0<em>Materials Science Forum<\/em>\u00a0321-324 (2000) 40-45.<br><br>8) <strong>\u201cX-ray Study of Strains and Dislocation Density in Epitaxial Cu\/Ni\/Cu\/Si(001) Films\u201d.\u00a0<\/strong>K. Ha, M. Ciria, R.C. O\u2019Handley, P.W. Stephens and S. Pagola.\u00a0<em>Physical Review B<\/em>\u00a060, 19 (1999) 13780-13785.<br><br>7) <strong>\u201cOrder-disorder Phenomena Determined by High-resolution Powder Diffraction: the Structures of tetrakis (trimethylsilyl)methane C[Si(CH<sub>3<\/sub>)<sub>3<\/sub>]<sub>4<\/sub>\u00a0and tetrakis(trimethylsilyl)silane Si[Si(CH<sub>3<\/sub>)<sub>3<\/sub>]<sub>4<\/sub>\u201d.\u00a0<\/strong>R. E. Dinnebier, W.A. Dollase, X. Helluy, J. Kummerlen, A. Sebald, M.U. Schmidt, S. Pagola, P.W. Stephens and S. van Smaalen.\u00a0<em>Acta Cryst. B<\/em>\u00a055 (1999) 1014-1029.<br><br>6) <strong>\u201cStructure and Magnetic ordering of M<sup>II<\/sup>[N(CN)<sub>2<\/sub>]<sub>2<\/sub>\u00a0(M=Co, Ni)\u201d.\u00a0<\/strong>J. L. Manson, C.R.\u00a0Kmety, Q. Huang, J. W. Lynn, G. Bendele, S. Pagola, P. W. Stephens, L. M. Liable-Sands, A. L. Rheingold, A. J. Epstein and J.S. Miller.\u00a0<em>Chem. Mater.\u00a0<\/em>10 (1998) 2552-2560.<br><br>5) <strong>\u201cCrystal Structure Refinement of Mg<sub>5<\/sub>Nb<sub>4<\/sub>O<sub>15<\/sub>\u00a0and Mg<sub>5<\/sub>Ta<sub>4<\/sub>O<sub>15<\/sub>\u00a0by Rietveld Analysis of Neutron Powder Diffraction Data\u201d.\u00a0<\/strong>S. Pagola, R. E. Carbonio, M. T. Fern\u00e1ndez-D\u00edaz and J. A. Alonso.\u00a0<em>J. Solid State Chem.\u00a0<\/em>137:2 (1998) 359-364.<br><br>4) <strong>\u201cCrystal Structure Refinement of MgNb<sub>2<\/sub>O<sub>6<\/sub>\u00a0columbite from Neutron Powder Diffraction Data and Study of the Ternary System MgO-Nb<sub>2<\/sub>O<sub>5<\/sub>-NbO with Evidence of Formation of New Reduced Pseudobrookite <\/strong><br><strong>Mg<sub>5-x<\/sub>Nb<sub>4+x<\/sub>O<sub>15-d<\/sub>\u00a0(1.14\u00a0&lt;\u00a0x\u00a0&lt; \u00a01.60) Phases\u201d.\u00a0<\/strong>S. Pagola, R. E. Carbonio, J. A. Alonso and M. T. Fern\u00e1ndez-D\u00edaz.\u00a0<em>J. Solid State Chem.<\/em>\u00a0134:1 (1997) 76-84.<br><br>3) <strong>\u201cCrystal Structure Refinement of Ba<sub>5<\/sub>Nb<sub>4<\/sub>O<sub>15<\/sub>\u00a0and Ba<sub>5<\/sub>Nb<sub>4<\/sub>O<sub>15-x<\/sub>\u00a0by Rietveld Analysis of Neutron and X-ray Diffraction Data\u201d.\u00a0<\/strong>S. Pagola, G. Polla, G. Leyva,\u00a0M.T.\u00a0Casais, J.A. Alonso, I.\u00a0Rasines\u00a0and R.E.\u00a0Carbonio.\u00a0<em>Materials Science Forum<\/em>\u00a0228-231 (1996) 819-824.<br><br>2) <strong>\u201cFar Infrared Reflectivity and Raman Spectra of Ba<sub>5<\/sub>Nb<sub>4<\/sub>O<sub>15<\/sub>\u201d.\u00a0<\/strong>S. Pagola, N. E. Massa and R. E. Carbonio.\u00a0<em>Physical Review B<\/em>\u00a053, 13 (1996) 8148-8150.<br><br>1) <strong>\u201cInfrared and Transport Properties of the Layered Perovskite Related Oxide Ba<sub>5<\/sub>Nb<sub>4<\/sub>O<sub>15<\/sub>\u00a0and its Oxygen Deficient Phases\u201d.\u00a0<\/strong>S. Pagola, N. E.\u00a0Massa, G. Polla, G. Leyva and R. E. Carbonio.\u00a0<em>Physica C<\/em>\u00a0235-240 (1994) 755-756.<\/td><\/tr><\/tbody><\/table><\/figure>\n\n\n\n<p><\/p>\n","protected":false},"excerpt":{"rendered":"<p>44) &#8220;Amorphous quininium aspirinate from neat mechanochemistry: diffracting nanocrystalline domains and quick recrystallization upon exposure to solvent vapours&#8221;. Silvina Pagola, James Howard, Johannes Merkelbach and Danny Stam. RSC Mechanochemistry, 2025.DOI: 10.1039\/d5mr00028a 43) &#8220;A comparison of microcrystal electron diffraction and X-ray powder diffraction for the structural analysis of metal\u2013organic frameworks&#8221; Erik Biehler, Silvina Pagola, Daniel Stam, &hellip; <a href=\"https:\/\/fs.wp.odu.edu\/spagola\/publications-list\/\" class=\"more-link\">Continue reading <span class=\"screen-reader-text\">Publications List<\/span><\/a><\/p>\n","protected":false},"author":13317,"featured_media":99,"parent":0,"menu_order":0,"comment_status":"closed","ping_status":"closed","template":"full-width.php","meta":{"footnotes":""},"_links":{"self":[{"href":"https:\/\/fs.wp.odu.edu\/spagola\/wp-json\/wp\/v2\/pages\/39"}],"collection":[{"href":"https:\/\/fs.wp.odu.edu\/spagola\/wp-json\/wp\/v2\/pages"}],"about":[{"href":"https:\/\/fs.wp.odu.edu\/spagola\/wp-json\/wp\/v2\/types\/page"}],"author":[{"embeddable":true,"href":"https:\/\/fs.wp.odu.edu\/spagola\/wp-json\/wp\/v2\/users\/13317"}],"replies":[{"embeddable":true,"href":"https:\/\/fs.wp.odu.edu\/spagola\/wp-json\/wp\/v2\/comments?post=39"}],"version-history":[{"count":5,"href":"https:\/\/fs.wp.odu.edu\/spagola\/wp-json\/wp\/v2\/pages\/39\/revisions"}],"predecessor-version":[{"id":494,"href":"https:\/\/fs.wp.odu.edu\/spagola\/wp-json\/wp\/v2\/pages\/39\/revisions\/494"}],"wp:featuredmedia":[{"embeddable":true,"href":"https:\/\/fs.wp.odu.edu\/spagola\/wp-json\/wp\/v2\/media\/99"}],"wp:attachment":[{"href":"https:\/\/fs.wp.odu.edu\/spagola\/wp-json\/wp\/v2\/media?parent=39"}],"curies":[{"name":"wp","href":"https:\/\/api.w.org\/{rel}","templated":true}]}}